{"id":9995,"date":"2022-10-17T15:13:35","date_gmt":"2022-10-17T13:13:35","guid":{"rendered":"https:\/\/efibuca.agencebisart.com\/pedagogie\/valeurs-educatives\/"},"modified":"2026-02-03T10:06:46","modified_gmt":"2026-02-03T09:06:46","slug":"valori-educationale","status":"publish","type":"page","link":"https:\/\/www.efibucarest.org\/ro\/pedagogie\/valori-educationale\/","title":{"rendered":"Valori educa\u021bionale"},"content":{"rendered":"<p>\t\t\t\t<!-- avec ou sans CTA : m\u00eame code, \u00e7a centre verticalement le texte --><\/p>\n<div class=\"smallheader\" id=\"bloc_small_header_7\">\n<style type=\"text\/css\">\n\t\t\t\t\t\t\t#bloc_small_header_7 {background-image: url(https:\/\/www.efibucarest.org\/wp-content\/uploads\/2022\/10\/DSC_0516-copy-610x270.jpg);}\n\t\t\t\t\t\t\t@media (min-width: 480px) {\t#bloc_small_header_7 {background-image: url(https:\/\/www.efibucarest.org\/wp-content\/uploads\/2022\/10\/DSC_0516-copy-610x270.jpg);}}\n\t\t\t\t\t\t\t@media (min-width: 768px) {\t#bloc_small_header_7 {background-image: url(https:\/\/www.efibucarest.org\/wp-content\/uploads\/2022\/10\/DSC_0516-copy-1024x644.jpg);}}\n\t\t\t\t\t\t\t@media (min-width: 992px) { #bloc_small_header_7 {background-image: url(https:\/\/www.efibucarest.org\/wp-content\/uploads\/2022\/10\/DSC_0516-copy-1024x644.jpg);}}\n\t\t\t\t\t\t\t@media (min-width: 1200px) { #bloc_small_header_7 {background-image: url(https:\/\/www.efibucarest.org\/wp-content\/uploads\/2022\/10\/DSC_0516-copy-1536x967.jpg);}}\n\t\t\t\t\t\t<\/style>\n<div class=\"container d-flex flex-column justify-content-center align-items-start\">\n<h1><span>Valori educa\u021bionale<\/span><\/h1>\n<\/p><\/div>\n<\/p><\/div>\n<div class=\"bloctext bloctext--color4 bloctext--haspattern\" id=\"bloc_6_8\">\n<div class=\"container\">\n<div class=\"row\">\n<div class=\"col-12 col-lg-4 col-xl-3 mb-1\">\n<h2><span>programele \u0219colare<\/span><\/h2>\n<\/p><\/div>\n<div class=\"col-12 col-lg-8 col-xl-9\">\n<div class=\"text pl-lg-4\">\n<p class=\"p1\"><b>Respect\u00e2nd programele \u0219colare \u0219i principiile educa\u021bionale franceze, proiectul educa\u021bional al EFI Bucure\u0219ti se bazeaz\u0103 pe un set de valori \u0219i obiective pe care le consider\u0103m esen\u021biale. <\/b><span class=\"s1\"><b>\u00censcrise \u00een mod oficial \u00eentr-o Cart\u0103 a valorilor \u0219colii p<\/b><\/span><b>e care to\u021bi elevii \u0219i p\u0103rin\u021bii o semneaz\u0103 \u00een semn de adeziune, aceste valori umane \u0219i educa\u021bionale \u00eei pozi\u021bioneaz\u0103 pe elevii no\u0219tri \u00eentr-o dinamic\u0103 a reu\u0219itei.<\/b><\/p>\n<\/p><\/div>\n<\/p><\/div>\n<\/p><\/div>\n<\/p><\/div>\n<\/div>\n<div class=\"bloctext bloctext--nocolor bloctext--haspattern\" id=\"bloc_6_9\">\n<div class=\"container\">\n<div class=\"row\">\n<div class=\"col-12 col-lg-4 col-xl-3 mb-1\">\n<h2><span>Valorile primordiale<\/span><\/h2>\n<\/p><\/div>\n<div class=\"col-12 col-lg-8 col-xl-9\">\n<div class=\"text pl-lg-4\">\n<p class=\"p1\"><strong>Valorile primordiale care contureaz\u0103 identitatea EFI Bucure\u0219ti<\/strong><\/p>\n<p class=\"p2\">Loc dedicat cunoa\u0219terii, \u00eenv\u0103\u021b\u0103rii \u0219i dezvolt\u0103rii, EFI este o \u0219coal\u0103 unde fiecare, indiferent de pozi\u021bia, originea sau convingerile sale, se angajeaz\u0103 s\u0103 respecte principiile republicane franceze \u00een domeniul educa\u021biei:<\/p>\n<ul class=\"ul1\">\n<li class=\"li3\">EFI este o \u0219coal\u0103 francez\u0103, la baza c\u0103reia se afl\u0103 limba, cultura \u0219i programele \u0219colare franceze.<\/li>\n<li class=\"li3\">EFI este o \u0219coal\u0103 interna\u021bional\u0103 \u00een care multilingvismul, schimburile interculturale, deschiderea c\u0103tre lume \u0219i spiritul de dialog stau la baza rela\u021biilor umane<\/li>\n<li class=\"li3\">EFI este o \u0219coal\u0103 care pune \u00een valoare limba \u0219i cultura rom\u00e2n\u0103 promov\u00e2nd-o \u00een aceea\u0219i m\u0103sur\u0103 ca pe limbile sale de referin\u021b\u0103, \u0219i anume franceza \u0219i engleza.<\/li>\n<li class=\"li1\">EFI este o \u0219coal\u0103 care ea \u00eens\u0103\u0219i \u00eenva\u021b\u0103, \u00een care \u00eentreaga comunitate educa\u021bional\u0103 (profesori, elevi, p\u0103rin\u021bi) este implicat\u0103 \u00een perfec\u021bionarea continu\u0103 a modelului s\u0103u pedagogic.<\/li>\n<\/ul><\/div>\n<\/p><\/div>\n<\/p><\/div>\n<\/p><\/div>\n<\/div>\n<div class=\"bloctext bloctext--color2 bloctext--haspattern\" id=\"bloc_6_10\">\n<div class=\"container\">\n<div class=\"row\">\n<div class=\"col-12 col-lg-4 col-xl-3 mb-1\">\n<h2><span>misiuni educative<\/span><\/h2>\n<\/p><\/div>\n<div class=\"col-12 col-lg-8 col-xl-9\">\n<div class=\"text pl-lg-4\">\n<p class=\"p1\"><strong>Ac\u021biunea noastr\u0103 are la baz\u0103 urm\u0103toarele misiuni educative:\u00a0<\/strong><\/p>\n<ul class=\"ul1\">\n<li class=\"li2\">s\u0103 transmitem fiec\u0103ruia dintre elevii no\u0219tri un ansamblu de cuno\u0219tin\u021be fundamentale \u0219i o cultur\u0103 general\u0103, piloni ai dezvolt\u0103rii intelectuale \u0219i sociale<\/li>\n<li class=\"li2\">s\u0103 dezvolt\u0103m calit\u0103\u021bi fundamentale, cum ar fi gustul pentru \u00eenv\u0103\u021bare, sim\u021bul rigorii, creativitatea, g\u00e2ndirea critic\u0103 \u0219i curiozitatea<\/li>\n<li class=\"li2\">s\u0103 sprijinim fiecare elev pe calea reu\u0219itei \u0219colare, pun\u00e2nd accentul pe personalizare \u0219i dezvoltare<\/li>\n<li class=\"li2\">s\u0103 preg\u0103tim elevii pentru provoc\u0103rile cet\u0103\u021beniei \u00een secolul XXI<\/li>\n<li class=\"li2\">s\u0103 integr\u0103m practicile artistice \u0219i sportive \u00een calea c\u0103tre reu\u0219ita \u0219colar\u0103<\/li>\n<li class=\"li2\">s\u0103 punem \u00een valoare toate formele de talente<\/li>\n<li class=\"li2\">s\u0103 \u00eenv\u0103\u021b\u0103m elevii s\u0103 coopereze \u0219i s\u0103 valoriz\u0103m spiritul de ini\u021biativ\u0103<\/li>\n<\/ul><\/div>\n<\/p><\/div>\n<\/p><\/div>\n<\/p><\/div>\n<\/div>\n<div class=\"blocsphotos blocsphotos--nocolor\" id=\"bloc_14_11\">\n<div class=\"container\">\n<div class=\"row\">\n<div class=\"col-6 col-md-3 mb-1 mb-md-0\">\n<div class=\"blocphoto\">\n\t\t\t\t\t<img decoding=\"async\" class=\"img-fluid img-rounded\" src=\"https:\/\/www.efibucarest.org\/wp-content\/uploads\/2022\/10\/IMG-7144-270x310.jpg\" width=\"\" height=\"\" alt=\"\">\n\t\t\t\t<\/div>\n<\/p><\/div>\n<div class=\"col-6 col-md-3 mb-1 mb-md-0\">\n<div class=\"blocphoto\">\n\t\t\t\t\t<img decoding=\"async\" class=\"img-fluid img-rounded\" src=\"https:\/\/www.efibucarest.org\/wp-content\/uploads\/2022\/10\/IMG-7147-270x310.jpg\" width=\"\" height=\"\" alt=\"\">\n\t\t\t\t<\/div>\n<\/p><\/div>\n<\/p><\/div>\n<\/p><\/div>\n<\/div>\n<div class=\"blocinfo blocinfo--color4\" id=\"bloc_10_12\">\n<div class=\"container\">\n<div class=\"row\">\n<div class=\"col-12 col-md-6\">\n<h2><span>\u00cencepe-\u021bi viitorul ast\u0103zi!<\/span><\/h2>\n<p>Sunt deschise \u00eenscrierile pentru anul \u0219colar 2026-2027.<\/p>\n<p>\t\t\t\t<!-- Changer la classe de couleur du bouton en fonction de la couleur g\u00e9n\u00e9rale du bloc --><\/p>\n<div class=\"bloc_cta\" >\n\t<a href=\"https:\/\/www.efibucarest.org\/ro\/admitere\/\" title=\"Inregistreaza-te\" target=\"\" class=\"mr-3 btn btn--color4\">Inregistreaza-te<\/a> \t\t\t\t<\/div>\n<\/p><\/div>\n<\/p><\/div>\n<\/p><\/div>\n<\/div>\n","protected":false},"excerpt":{"rendered":"<p>Valori educa\u021bionale programele \u0219colare Respect\u00e2nd programele \u0219colare \u0219i principiile educa\u021bionale franceze, proiectul educa\u021bional al EFI Bucure\u0219ti se bazeaz\u0103 pe un [&hellip;]<\/p>\n","protected":false},"author":10,"featured_media":0,"parent":9989,"menu_order":31,"comment_status":"closed","ping_status":"closed","template":"","meta":{"_acf_changed":false,"kdcopypost-origin-url":"","kdcopypost-origin-id":"","footnotes":""},"class_list":["post-9995","page","type-page","status-publish","hentry"],"acf":[],"yoast_head":"<!-- This site is optimized with the Yoast SEO plugin v26.9 - https:\/\/yoast.com\/product\/yoast-seo-wordpress\/ -->\n<title>Valori educa\u021bionale - EFI BUCURE\u0218TI<\/title>\n<meta name=\"robots\" content=\"index, follow, max-snippet:-1, max-image-preview:large, max-video-preview:-1\" \/>\n<link rel=\"canonical\" href=\"https:\/\/www.efibucarest.org\/ro\/pedagogie\/valori-educationale\/\" \/>\n<meta property=\"og:locale\" content=\"ro_RO\" \/>\n<meta property=\"og:type\" content=\"article\" \/>\n<meta property=\"og:title\" content=\"Valori educa\u021bionale - EFI BUCURE\u0218TI\" \/>\n<meta property=\"og:description\" content=\"Valori educa\u021bionale programele \u0219colare Respect\u00e2nd programele \u0219colare \u0219i principiile educa\u021bionale franceze, proiectul educa\u021bional al EFI Bucure\u0219ti se bazeaz\u0103 pe un [&hellip;]\" \/>\n<meta property=\"og:url\" content=\"https:\/\/www.efibucarest.org\/ro\/pedagogie\/valori-educationale\/\" \/>\n<meta property=\"og:site_name\" content=\"EFI BUCURE\u0218TI\" \/>\n<meta property=\"article:modified_time\" content=\"2026-02-03T09:06:46+00:00\" \/>\n<meta property=\"og:image\" content=\"https:\/\/www.efibucarest.org\/wp-content\/uploads\/2022\/10\/IMG-7144-270x310.jpg\" \/>\n<meta name=\"twitter:card\" content=\"summary_large_image\" \/>\n<meta name=\"twitter:label1\" content=\"Timp estimat pentru citire\" \/>\n\t<meta name=\"twitter:data1\" content=\"5 minute\" \/>\n<script type=\"application\/ld+json\" class=\"yoast-schema-graph\">{\"@context\":\"https:\/\/schema.org\",\"@graph\":[{\"@type\":\"WebPage\",\"@id\":\"https:\/\/www.efibucarest.org\/ro\/pedagogie\/valori-educationale\/\",\"url\":\"https:\/\/www.efibucarest.org\/ro\/pedagogie\/valori-educationale\/\",\"name\":\"Valori educa\u021bionale - EFI BUCURE\u0218TI\",\"isPartOf\":{\"@id\":\"https:\/\/www.efibucarest.org\/ro\/#website\"},\"primaryImageOfPage\":{\"@id\":\"https:\/\/www.efibucarest.org\/ro\/pedagogie\/valori-educationale\/#primaryimage\"},\"image\":{\"@id\":\"https:\/\/www.efibucarest.org\/ro\/pedagogie\/valori-educationale\/#primaryimage\"},\"thumbnailUrl\":\"https:\/\/www.efibucarest.org\/wp-content\/uploads\/2022\/10\/IMG-7144-270x310.jpg\",\"datePublished\":\"2022-10-17T13:13:35+00:00\",\"dateModified\":\"2026-02-03T09:06:46+00:00\",\"breadcrumb\":{\"@id\":\"https:\/\/www.efibucarest.org\/ro\/pedagogie\/valori-educationale\/#breadcrumb\"},\"inLanguage\":\"ro-RO\",\"potentialAction\":[{\"@type\":\"ReadAction\",\"target\":[\"https:\/\/www.efibucarest.org\/ro\/pedagogie\/valori-educationale\/\"]}]},{\"@type\":\"ImageObject\",\"inLanguage\":\"ro-RO\",\"@id\":\"https:\/\/www.efibucarest.org\/ro\/pedagogie\/valori-educationale\/#primaryimage\",\"url\":\"https:\/\/www.efibucarest.org\/wp-content\/uploads\/2022\/10\/IMG-7144-270x310.jpg\",\"contentUrl\":\"https:\/\/www.efibucarest.org\/wp-content\/uploads\/2022\/10\/IMG-7144-270x310.jpg\"},{\"@type\":\"BreadcrumbList\",\"@id\":\"https:\/\/www.efibucarest.org\/ro\/pedagogie\/valori-educationale\/#breadcrumb\",\"itemListElement\":[{\"@type\":\"ListItem\",\"position\":1,\"name\":\"Accueil\",\"item\":\"https:\/\/www.efibucarest.org\/ro\/\"},{\"@type\":\"ListItem\",\"position\":2,\"name\":\"Pedagogie\",\"item\":\"https:\/\/www.efibucarest.org\/ro\/pedagogie\/\"},{\"@type\":\"ListItem\",\"position\":3,\"name\":\"Valori educa\u021bionale\"}]},{\"@type\":\"WebSite\",\"@id\":\"https:\/\/www.efibucarest.org\/ro\/#website\",\"url\":\"https:\/\/www.efibucarest.org\/ro\/\",\"name\":\"EFI BUCURE\u0218TI\",\"description\":\"EFI BUCURE\u0218TI\",\"potentialAction\":[{\"@type\":\"SearchAction\",\"target\":{\"@type\":\"EntryPoint\",\"urlTemplate\":\"https:\/\/www.efibucarest.org\/ro\/?s={search_term_string}\"},\"query-input\":{\"@type\":\"PropertyValueSpecification\",\"valueRequired\":true,\"valueName\":\"search_term_string\"}}],\"inLanguage\":\"ro-RO\"}]}<\/script>\n<!-- \/ Yoast SEO plugin. -->","yoast_head_json":{"title":"Valori educa\u021bionale - EFI BUCURE\u0218TI","robots":{"index":"index","follow":"follow","max-snippet":"max-snippet:-1","max-image-preview":"max-image-preview:large","max-video-preview":"max-video-preview:-1"},"canonical":"https:\/\/www.efibucarest.org\/ro\/pedagogie\/valori-educationale\/","og_locale":"ro_RO","og_type":"article","og_title":"Valori educa\u021bionale - EFI BUCURE\u0218TI","og_description":"Valori educa\u021bionale programele \u0219colare Respect\u00e2nd programele \u0219colare \u0219i principiile educa\u021bionale franceze, proiectul educa\u021bional al EFI Bucure\u0219ti se bazeaz\u0103 pe un [&hellip;]","og_url":"https:\/\/www.efibucarest.org\/ro\/pedagogie\/valori-educationale\/","og_site_name":"EFI BUCURE\u0218TI","article_modified_time":"2026-02-03T09:06:46+00:00","og_image":[{"url":"https:\/\/www.efibucarest.org\/wp-content\/uploads\/2022\/10\/IMG-7144-270x310.jpg","type":"","width":"","height":""}],"twitter_card":"summary_large_image","twitter_misc":{"Timp estimat pentru citire":"5 minute"},"schema":{"@context":"https:\/\/schema.org","@graph":[{"@type":"WebPage","@id":"https:\/\/www.efibucarest.org\/ro\/pedagogie\/valori-educationale\/","url":"https:\/\/www.efibucarest.org\/ro\/pedagogie\/valori-educationale\/","name":"Valori educa\u021bionale - EFI BUCURE\u0218TI","isPartOf":{"@id":"https:\/\/www.efibucarest.org\/ro\/#website"},"primaryImageOfPage":{"@id":"https:\/\/www.efibucarest.org\/ro\/pedagogie\/valori-educationale\/#primaryimage"},"image":{"@id":"https:\/\/www.efibucarest.org\/ro\/pedagogie\/valori-educationale\/#primaryimage"},"thumbnailUrl":"https:\/\/www.efibucarest.org\/wp-content\/uploads\/2022\/10\/IMG-7144-270x310.jpg","datePublished":"2022-10-17T13:13:35+00:00","dateModified":"2026-02-03T09:06:46+00:00","breadcrumb":{"@id":"https:\/\/www.efibucarest.org\/ro\/pedagogie\/valori-educationale\/#breadcrumb"},"inLanguage":"ro-RO","potentialAction":[{"@type":"ReadAction","target":["https:\/\/www.efibucarest.org\/ro\/pedagogie\/valori-educationale\/"]}]},{"@type":"ImageObject","inLanguage":"ro-RO","@id":"https:\/\/www.efibucarest.org\/ro\/pedagogie\/valori-educationale\/#primaryimage","url":"https:\/\/www.efibucarest.org\/wp-content\/uploads\/2022\/10\/IMG-7144-270x310.jpg","contentUrl":"https:\/\/www.efibucarest.org\/wp-content\/uploads\/2022\/10\/IMG-7144-270x310.jpg"},{"@type":"BreadcrumbList","@id":"https:\/\/www.efibucarest.org\/ro\/pedagogie\/valori-educationale\/#breadcrumb","itemListElement":[{"@type":"ListItem","position":1,"name":"Accueil","item":"https:\/\/www.efibucarest.org\/ro\/"},{"@type":"ListItem","position":2,"name":"Pedagogie","item":"https:\/\/www.efibucarest.org\/ro\/pedagogie\/"},{"@type":"ListItem","position":3,"name":"Valori educa\u021bionale"}]},{"@type":"WebSite","@id":"https:\/\/www.efibucarest.org\/ro\/#website","url":"https:\/\/www.efibucarest.org\/ro\/","name":"EFI BUCURE\u0218TI","description":"EFI BUCURE\u0218TI","potentialAction":[{"@type":"SearchAction","target":{"@type":"EntryPoint","urlTemplate":"https:\/\/www.efibucarest.org\/ro\/?s={search_term_string}"},"query-input":{"@type":"PropertyValueSpecification","valueRequired":true,"valueName":"search_term_string"}}],"inLanguage":"ro-RO"}]}},"_links":{"self":[{"href":"https:\/\/www.efibucarest.org\/ro\/wp-json\/wp\/v2\/pages\/9995","targetHints":{"allow":["GET"]}}],"collection":[{"href":"https:\/\/www.efibucarest.org\/ro\/wp-json\/wp\/v2\/pages"}],"about":[{"href":"https:\/\/www.efibucarest.org\/ro\/wp-json\/wp\/v2\/types\/page"}],"author":[{"embeddable":true,"href":"https:\/\/www.efibucarest.org\/ro\/wp-json\/wp\/v2\/users\/10"}],"replies":[{"embeddable":true,"href":"https:\/\/www.efibucarest.org\/ro\/wp-json\/wp\/v2\/comments?post=9995"}],"version-history":[{"count":8,"href":"https:\/\/www.efibucarest.org\/ro\/wp-json\/wp\/v2\/pages\/9995\/revisions"}],"predecessor-version":[{"id":17401,"href":"https:\/\/www.efibucarest.org\/ro\/wp-json\/wp\/v2\/pages\/9995\/revisions\/17401"}],"up":[{"embeddable":true,"href":"https:\/\/www.efibucarest.org\/ro\/wp-json\/wp\/v2\/pages\/9989"}],"wp:attachment":[{"href":"https:\/\/www.efibucarest.org\/ro\/wp-json\/wp\/v2\/media?parent=9995"}],"curies":[{"name":"wp","href":"https:\/\/api.w.org\/{rel}","templated":true}]}}