{"id":9938,"date":"2022-10-19T12:19:27","date_gmt":"2022-10-19T10:19:27","guid":{"rendered":"https:\/\/efibuca.agencebisart.com\/cursus-scolaire\/"},"modified":"2026-02-03T09:37:03","modified_gmt":"2026-02-03T08:37:03","slug":"parcurs-scolar","status":"publish","type":"page","link":"https:\/\/www.efibucarest.org\/ro\/parcurs-scolar\/","title":{"rendered":"Parcurs \u0219colar"},"content":{"rendered":"<p>\t\t\t\t<!-- avec ou sans CTA : m\u00eame code, \u00e7a centre verticalement le texte --><\/p>\n<div class=\"smallheader\" id=\"bloc_small_header_7\">\n<style type=\"text\/css\">\n\t\t\t\t\t\t\t#bloc_small_header_7 {background-image: url(https:\/\/www.efibucarest.org\/wp-content\/uploads\/2022\/10\/French-school-3500px-31.12.20-66-610x270.jpg);}\n\t\t\t\t\t\t\t@media (min-width: 480px) {\t#bloc_small_header_7 {background-image: url(https:\/\/www.efibucarest.org\/wp-content\/uploads\/2022\/10\/French-school-3500px-31.12.20-66-610x270.jpg);}}\n\t\t\t\t\t\t\t@media (min-width: 768px) {\t#bloc_small_header_7 {background-image: url(https:\/\/www.efibucarest.org\/wp-content\/uploads\/2022\/10\/French-school-3500px-31.12.20-66-1024x683.jpg);}}\n\t\t\t\t\t\t\t@media (min-width: 992px) { #bloc_small_header_7 {background-image: url(https:\/\/www.efibucarest.org\/wp-content\/uploads\/2022\/10\/French-school-3500px-31.12.20-66-1024x683.jpg);}}\n\t\t\t\t\t\t\t@media (min-width: 1200px) { #bloc_small_header_7 {background-image: url(https:\/\/www.efibucarest.org\/wp-content\/uploads\/2022\/10\/French-school-3500px-31.12.20-66-1536x1024.jpg);}}\n\t\t\t\t\t\t<\/style>\n<div class=\"container d-flex flex-column justify-content-center align-items-start\">\n<h1><span>Parcurs \u0219colar<\/span><\/h1>\n<\/p><\/div>\n<\/p><\/div>\n<div class=\"bloc_ctas bloc_cta container pt-2 pb-2 text-right\" id=\"bloc_ctas_8\">\n<div class=\"btns\">\t<a href=\"https:\/\/www.efibucarest.org\/ro\/cicluri-de-s%cc%a6colarizare-la-efi-bucarest-prezentarea-programei-s%cc%a6colare-1-1\/\" title=\"Desc\u0103rca\u021bi prezentarea general\u0103\" target=\"_blank\" class=\" ml-1   mr-1  btn btn--color4\">Desc\u0103rca\u021bi prezentarea general\u0103<\/a> <\/div>\n<\/p><\/div>\n<div class=\"blocmedia blocmedia--textright blocmedia--color2\" id=\"bloc_2_9\">\n<div class=\"container\">\n<div class=\"row\">\n<div class=\"col-12 col-md-6\">\n<div class=\"slider\">\n<div id=\"slider-bloc_2_9\" class=\"flexslider flexslider--blocmedia loading\">\n<ul class=\"slides list-unstyled\">\n<li class=\"slider-li\">\n\t\t\t\t\t\t\t\t\t\t     \t<a data-fancybox=\"rel-slider-bloc_2_9\" data-caption=\"\" href=\"https:\/\/www.efibucarest.org\/wp-content\/uploads\/2024\/02\/drawing-lesson-2-722x564.jpg\"><br \/>\n\t\t\t\t\t\t\t\t\t\t\t\t\t<img decoding=\"async\" class=\"img-fluid\" src=\"https:\/\/www.efibucarest.org\/wp-content\/uploads\/2024\/02\/drawing-lesson-2-722x564.jpg\" width=\"\" height=\"\" alt=\"\"><br \/>\n\t\t\t\t\t\t\t\t\t\t\t\t<\/a>\n\t\t\t\t\t\t\t\t\t\t     <\/li>\n<\/ul><\/div>\n<\/p><\/div>\n<\/p><\/div>\n<div class=\"col-12 col-md-5 d-flex flex-column justify-content-center align-items-start mb-2 mb-md-0\">\n<div class=\"text\">\n<h2><span>Gr\u0103dini\u021b\u0103<\/span><\/h2>\n<p>Gr\u0103dini\u021ba \u00eei prime\u0219te pe elevii cu v\u00e2rste cuprinse \u00eentre 2 ani (TPS &#8211; grupa baby) \u0219i 5 ani (GS &#8211; grupa mare), \u00eentr-o perioad\u0103 \u00een care progresul \u0219i evolu\u021bia lor sunt deosebit de importante. Pentru mul\u021bi elevi de v\u00e2rst\u0103 mic\u0103, gr\u0103dini\u021ba este prima ocazie de a se integra \u00eentr-un grup mare de copii pentru a experimenta lucruri noi&#8230;<\/p>\n<p>\t\t\t\t\t\t<!-- Changer la classe de couleur du bouton en fonction de la couleur g\u00e9n\u00e9rale du bloc --><\/p>\n<div class=\"bloc_cta\" >\n<p><a class=\"btn btn--color2\" href=\"https:\/\/www.efibucarest.org\/ro\/parcurs-scolar\/gradinita\/\" target=\"\">Descoperi<\/a>\t\t\t\t\t<\/div>\n<\/p><\/div>\n<\/p><\/div>\n<\/p><\/div>\n<\/p><\/div>\n<\/div>\n<div class=\"blocmedia blocmedia--textleft blocmedia--nocolor\" id=\"bloc_2_10\">\n<div class=\"container\">\n<div class=\"row\">\n<div class=\"col-12 col-md-6\">\n<div class=\"slider\">\n<div id=\"slider-bloc_2_10\" class=\"flexslider flexslider--blocmedia loading\">\n<ul class=\"slides list-unstyled\">\n<li class=\"slider-li\">\n\t\t\t\t\t\t\t\t\t\t     \t<a data-fancybox=\"rel-slider-bloc_2_10\" data-caption=\"\" href=\"https:\/\/www.efibucarest.org\/wp-content\/uploads\/2024\/10\/DSC_1020-722x564.jpg\"><br \/>\n\t\t\t\t\t\t\t\t\t\t\t\t\t<img decoding=\"async\" class=\"img-fluid\" src=\"https:\/\/www.efibucarest.org\/wp-content\/uploads\/2024\/10\/DSC_1020-722x564.jpg\" width=\"\" height=\"\" alt=\"\"><br \/>\n\t\t\t\t\t\t\t\t\t\t\t\t<\/a>\n\t\t\t\t\t\t\t\t\t\t     <\/li>\n<\/ul><\/div>\n<\/p><\/div>\n<\/p><\/div>\n<div class=\"col-12 col-md-5 d-flex flex-column justify-content-center align-items-start mb-2 mb-md-0\">\n<div class=\"text\">\n<h2><span>\u0218coal\u0103 primar\u0103<\/span><\/h2>\n<p>Ciclul primar este compus din clasele de la CP (clasa preg\u0103titoare) p\u00e2n\u0103 la CM2 ( clasa a IV-a). Clasele \u00eenv\u0103\u021b\u0103m\u00e2ntului fundamental sunt de la CP (clasa preg\u0103titoare) la CE2 (clasa a II-a), iar clasele ciclului de consolidare sunt de la CM1 (clasa a III-a) la 6\u00e8me (clasa a V-a). Scopul este de a dob\u00e2ndi o baz\u0103 solid\u0103 \u00een materiile \u00eenscrise \u00een programele aprobate de ministerul educa\u021biei na\u021bionale din Fran\u021ba&#8230;\n<\/p>\n<p>\t\t\t\t\t\t<!-- Changer la classe de couleur du bouton en fonction de la couleur g\u00e9n\u00e9rale du bloc --><\/p>\n<div class=\"bloc_cta\" >\n<p><a class=\"btn btn--nocolor\" href=\"https:\/\/www.efibucarest.org\/ro\/parcurs-scolar\/scoala-primara\/\" target=\"\">Descoperi<\/a>\t\t\t\t\t<\/div>\n<\/p><\/div>\n<\/p><\/div>\n<\/p><\/div>\n<\/p><\/div>\n<\/div>\n<div class=\"blocmedia blocmedia--textleft blocmedia--nocolor\" id=\"bloc_2_11\">\n<div class=\"container\">\n<div class=\"row\">\n<div class=\"col-12 col-md-6\">\n<div class=\"slider\">\n<div id=\"slider-bloc_2_11\" class=\"flexslider flexslider--blocmedia loading\">\n<ul class=\"slides list-unstyled\">\n<li class=\"slider-li\">\n\t\t\t\t\t\t\t\t\t\t     \t<a data-fancybox=\"rel-slider-bloc_2_11\" data-caption=\"\" href=\"https:\/\/www.efibucarest.org\/wp-content\/uploads\/2022\/10\/French-school-3500px-31.12.20-14-copy-722x564.jpg\"><br \/>\n\t\t\t\t\t\t\t\t\t\t\t\t\t<img decoding=\"async\" class=\"img-fluid\" src=\"https:\/\/www.efibucarest.org\/wp-content\/uploads\/2022\/10\/French-school-3500px-31.12.20-14-copy-722x564.jpg\" width=\"\" height=\"\" alt=\"\"><br \/>\n\t\t\t\t\t\t\t\t\t\t\t\t<\/a>\n\t\t\t\t\t\t\t\t\t\t     <\/li>\n<\/ul><\/div>\n<\/p><\/div>\n<\/p><\/div>\n<div class=\"col-12 col-md-5 d-flex flex-column justify-content-center align-items-start mb-2 mb-md-0\">\n<div class=\"text\">\n<h2><span>Programul Pasarel\u0103<\/span><\/h2>\n<p>Deschis\u0103 pe deplin elevilor de toate na\u021bionalit\u0103\u021bile, EFI Bucarest prime\u0219te elevi nefrancofoni sau pu\u021bin francofoni, indiferent de etapa de \u0219colarizare din gr\u0103dini\u021b\u0103 sau din ciclul primar. Pentru ca aceast\u0103 integrare s\u0103 fie reu\u0219it\u0103, \u0219coala organizeaz\u0103 o tranzi\u021bie lin\u0103 \u0219i instituie un program \u201epasarel\u0103\u201d care s\u0103 permit\u0103 \u00eenv\u0103\u021barea rapid\u0103 a limbii franceze (care este limba noastr\u0103 principal\u0103) \u0219i integrarea armonioas\u0103 \u00een parcursul nostru \u0219colar&#8230;<\/p>\n<p>\t\t\t\t\t\t<!-- Changer la classe de couleur du bouton en fonction de la couleur g\u00e9n\u00e9rale du bloc --><\/p>\n<div class=\"bloc_cta\" >\n<p><a class=\"btn btn--nocolor\" href=\"https:\/\/www.efibucarest.org\/ro\/parcurs-scolar\/programul-pasarela\/\" target=\"\"> Descoperi<\/a>\t\t\t\t\t<\/div>\n<\/p><\/div>\n<\/p><\/div>\n<\/p><\/div>\n<\/p><\/div>\n<\/div>\n<div class=\"blocinfo blocinfo--color4\" id=\"bloc_10_12\">\n<div class=\"container\">\n<div class=\"row\">\n<div class=\"col-12 col-md-6\">\n<h2><span>\u00cencepe-\u021bi viitorul ast\u0103zi!<\/span><\/h2>\n<p>Sunt deschise \u00eenscrierile pentru anul \u0219colar 2026-2027.<\/p>\n<p>\t\t\t\t<!-- Changer la classe de couleur du bouton en fonction de la couleur g\u00e9n\u00e9rale du bloc --><\/p>\n<div class=\"bloc_cta\" >\n\t<a href=\"https:\/\/www.efibucarest.org\/ro\/admitere\/\" title=\"S'inscrire\" target=\"\" class=\"mr-3 btn btn--color4\">S&#8217;inscrire<\/a> \t\t\t\t<\/div>\n<\/p><\/div>\n<\/p><\/div>\n<\/p><\/div>\n<\/div>\n","protected":false},"excerpt":{"rendered":"<p>Parcurs \u0219colar Desc\u0103rca\u021bi prezentarea general\u0103 Gr\u0103dini\u021b\u0103 Gr\u0103dini\u021ba \u00eei prime\u0219te pe elevii cu v\u00e2rste cuprinse \u00eentre 2 ani (TPS &#8211; grupa [&hellip;]<\/p>\n","protected":false},"author":10,"featured_media":0,"parent":0,"menu_order":20,"comment_status":"closed","ping_status":"closed","template":"","meta":{"_acf_changed":false,"kdcopypost-origin-url":"","kdcopypost-origin-id":"","footnotes":""},"class_list":["post-9938","page","type-page","status-publish","hentry"],"acf":[],"yoast_head":"<!-- This site is optimized with the Yoast SEO plugin v26.9 - https:\/\/yoast.com\/product\/yoast-seo-wordpress\/ -->\n<title>Parcurs \u0219colar - EFI BUCURE\u0218TI<\/title>\n<meta name=\"robots\" content=\"index, follow, max-snippet:-1, max-image-preview:large, max-video-preview:-1\" \/>\n<link rel=\"canonical\" href=\"https:\/\/www.efibucarest.org\/ro\/parcurs-scolar\/\" \/>\n<meta property=\"og:locale\" content=\"ro_RO\" \/>\n<meta property=\"og:type\" content=\"article\" \/>\n<meta property=\"og:title\" content=\"Parcurs \u0219colar - EFI BUCURE\u0218TI\" \/>\n<meta property=\"og:description\" content=\"Parcurs \u0219colar Desc\u0103rca\u021bi prezentarea general\u0103 Gr\u0103dini\u021b\u0103 Gr\u0103dini\u021ba \u00eei prime\u0219te pe elevii cu v\u00e2rste cuprinse \u00eentre 2 ani (TPS &#8211; grupa [&hellip;]\" \/>\n<meta property=\"og:url\" content=\"https:\/\/www.efibucarest.org\/ro\/parcurs-scolar\/\" \/>\n<meta property=\"og:site_name\" content=\"EFI BUCURE\u0218TI\" \/>\n<meta property=\"article:modified_time\" content=\"2026-02-03T08:37:03+00:00\" \/>\n<meta property=\"og:image\" content=\"https:\/\/www.efibucarest.org\/wp-content\/uploads\/2024\/02\/drawing-lesson-2-722x564.jpg\" \/>\n<meta name=\"twitter:card\" content=\"summary_large_image\" \/>\n<meta name=\"twitter:label1\" content=\"Timp estimat pentru citire\" \/>\n\t<meta name=\"twitter:data1\" content=\"4 minute\" \/>\n<script type=\"application\/ld+json\" class=\"yoast-schema-graph\">{\"@context\":\"https:\/\/schema.org\",\"@graph\":[{\"@type\":\"WebPage\",\"@id\":\"https:\/\/www.efibucarest.org\/ro\/parcurs-scolar\/\",\"url\":\"https:\/\/www.efibucarest.org\/ro\/parcurs-scolar\/\",\"name\":\"Parcurs \u0219colar - EFI BUCURE\u0218TI\",\"isPartOf\":{\"@id\":\"https:\/\/www.efibucarest.org\/ro\/#website\"},\"primaryImageOfPage\":{\"@id\":\"https:\/\/www.efibucarest.org\/ro\/parcurs-scolar\/#primaryimage\"},\"image\":{\"@id\":\"https:\/\/www.efibucarest.org\/ro\/parcurs-scolar\/#primaryimage\"},\"thumbnailUrl\":\"https:\/\/www.efibucarest.org\/wp-content\/uploads\/2024\/02\/drawing-lesson-2-722x564.jpg\",\"datePublished\":\"2022-10-19T10:19:27+00:00\",\"dateModified\":\"2026-02-03T08:37:03+00:00\",\"breadcrumb\":{\"@id\":\"https:\/\/www.efibucarest.org\/ro\/parcurs-scolar\/#breadcrumb\"},\"inLanguage\":\"ro-RO\",\"potentialAction\":[{\"@type\":\"ReadAction\",\"target\":[\"https:\/\/www.efibucarest.org\/ro\/parcurs-scolar\/\"]}]},{\"@type\":\"ImageObject\",\"inLanguage\":\"ro-RO\",\"@id\":\"https:\/\/www.efibucarest.org\/ro\/parcurs-scolar\/#primaryimage\",\"url\":\"https:\/\/www.efibucarest.org\/wp-content\/uploads\/2024\/02\/drawing-lesson-2-722x564.jpg\",\"contentUrl\":\"https:\/\/www.efibucarest.org\/wp-content\/uploads\/2024\/02\/drawing-lesson-2-722x564.jpg\"},{\"@type\":\"BreadcrumbList\",\"@id\":\"https:\/\/www.efibucarest.org\/ro\/parcurs-scolar\/#breadcrumb\",\"itemListElement\":[{\"@type\":\"ListItem\",\"position\":1,\"name\":\"Accueil\",\"item\":\"https:\/\/www.efibucarest.org\/ro\/\"},{\"@type\":\"ListItem\",\"position\":2,\"name\":\"Parcurs \u0219colar\"}]},{\"@type\":\"WebSite\",\"@id\":\"https:\/\/www.efibucarest.org\/ro\/#website\",\"url\":\"https:\/\/www.efibucarest.org\/ro\/\",\"name\":\"EFI BUCURE\u0218TI\",\"description\":\"EFI BUCURE\u0218TI\",\"potentialAction\":[{\"@type\":\"SearchAction\",\"target\":{\"@type\":\"EntryPoint\",\"urlTemplate\":\"https:\/\/www.efibucarest.org\/ro\/?s={search_term_string}\"},\"query-input\":{\"@type\":\"PropertyValueSpecification\",\"valueRequired\":true,\"valueName\":\"search_term_string\"}}],\"inLanguage\":\"ro-RO\"}]}<\/script>\n<!-- \/ Yoast SEO plugin. -->","yoast_head_json":{"title":"Parcurs \u0219colar - EFI BUCURE\u0218TI","robots":{"index":"index","follow":"follow","max-snippet":"max-snippet:-1","max-image-preview":"max-image-preview:large","max-video-preview":"max-video-preview:-1"},"canonical":"https:\/\/www.efibucarest.org\/ro\/parcurs-scolar\/","og_locale":"ro_RO","og_type":"article","og_title":"Parcurs \u0219colar - EFI BUCURE\u0218TI","og_description":"Parcurs \u0219colar Desc\u0103rca\u021bi prezentarea general\u0103 Gr\u0103dini\u021b\u0103 Gr\u0103dini\u021ba \u00eei prime\u0219te pe elevii cu v\u00e2rste cuprinse \u00eentre 2 ani (TPS &#8211; grupa [&hellip;]","og_url":"https:\/\/www.efibucarest.org\/ro\/parcurs-scolar\/","og_site_name":"EFI BUCURE\u0218TI","article_modified_time":"2026-02-03T08:37:03+00:00","og_image":[{"url":"https:\/\/www.efibucarest.org\/wp-content\/uploads\/2024\/02\/drawing-lesson-2-722x564.jpg","type":"","width":"","height":""}],"twitter_card":"summary_large_image","twitter_misc":{"Timp estimat pentru citire":"4 minute"},"schema":{"@context":"https:\/\/schema.org","@graph":[{"@type":"WebPage","@id":"https:\/\/www.efibucarest.org\/ro\/parcurs-scolar\/","url":"https:\/\/www.efibucarest.org\/ro\/parcurs-scolar\/","name":"Parcurs \u0219colar - EFI BUCURE\u0218TI","isPartOf":{"@id":"https:\/\/www.efibucarest.org\/ro\/#website"},"primaryImageOfPage":{"@id":"https:\/\/www.efibucarest.org\/ro\/parcurs-scolar\/#primaryimage"},"image":{"@id":"https:\/\/www.efibucarest.org\/ro\/parcurs-scolar\/#primaryimage"},"thumbnailUrl":"https:\/\/www.efibucarest.org\/wp-content\/uploads\/2024\/02\/drawing-lesson-2-722x564.jpg","datePublished":"2022-10-19T10:19:27+00:00","dateModified":"2026-02-03T08:37:03+00:00","breadcrumb":{"@id":"https:\/\/www.efibucarest.org\/ro\/parcurs-scolar\/#breadcrumb"},"inLanguage":"ro-RO","potentialAction":[{"@type":"ReadAction","target":["https:\/\/www.efibucarest.org\/ro\/parcurs-scolar\/"]}]},{"@type":"ImageObject","inLanguage":"ro-RO","@id":"https:\/\/www.efibucarest.org\/ro\/parcurs-scolar\/#primaryimage","url":"https:\/\/www.efibucarest.org\/wp-content\/uploads\/2024\/02\/drawing-lesson-2-722x564.jpg","contentUrl":"https:\/\/www.efibucarest.org\/wp-content\/uploads\/2024\/02\/drawing-lesson-2-722x564.jpg"},{"@type":"BreadcrumbList","@id":"https:\/\/www.efibucarest.org\/ro\/parcurs-scolar\/#breadcrumb","itemListElement":[{"@type":"ListItem","position":1,"name":"Accueil","item":"https:\/\/www.efibucarest.org\/ro\/"},{"@type":"ListItem","position":2,"name":"Parcurs \u0219colar"}]},{"@type":"WebSite","@id":"https:\/\/www.efibucarest.org\/ro\/#website","url":"https:\/\/www.efibucarest.org\/ro\/","name":"EFI BUCURE\u0218TI","description":"EFI BUCURE\u0218TI","potentialAction":[{"@type":"SearchAction","target":{"@type":"EntryPoint","urlTemplate":"https:\/\/www.efibucarest.org\/ro\/?s={search_term_string}"},"query-input":{"@type":"PropertyValueSpecification","valueRequired":true,"valueName":"search_term_string"}}],"inLanguage":"ro-RO"}]}},"_links":{"self":[{"href":"https:\/\/www.efibucarest.org\/ro\/wp-json\/wp\/v2\/pages\/9938","targetHints":{"allow":["GET"]}}],"collection":[{"href":"https:\/\/www.efibucarest.org\/ro\/wp-json\/wp\/v2\/pages"}],"about":[{"href":"https:\/\/www.efibucarest.org\/ro\/wp-json\/wp\/v2\/types\/page"}],"author":[{"embeddable":true,"href":"https:\/\/www.efibucarest.org\/ro\/wp-json\/wp\/v2\/users\/10"}],"replies":[{"embeddable":true,"href":"https:\/\/www.efibucarest.org\/ro\/wp-json\/wp\/v2\/comments?post=9938"}],"version-history":[{"count":15,"href":"https:\/\/www.efibucarest.org\/ro\/wp-json\/wp\/v2\/pages\/9938\/revisions"}],"predecessor-version":[{"id":17353,"href":"https:\/\/www.efibucarest.org\/ro\/wp-json\/wp\/v2\/pages\/9938\/revisions\/17353"}],"wp:attachment":[{"href":"https:\/\/www.efibucarest.org\/ro\/wp-json\/wp\/v2\/media?parent=9938"}],"curies":[{"name":"wp","href":"https:\/\/api.w.org\/{rel}","templated":true}]}}