{"id":14223,"date":"2024-12-16T10:13:27","date_gmt":"2024-12-16T09:13:27","guid":{"rendered":"https:\/\/www.efibucarest.org\/?page_id=14223"},"modified":"2026-02-03T13:25:18","modified_gmt":"2026-02-03T12:25:18","slug":"stagiu-de-pregatire-pentru-inceperea-anului-scolar","status":"publish","type":"page","link":"https:\/\/www.efibucarest.org\/ro\/activites\/stagiu-de-pregatire-pentru-inceperea-anului-scolar\/","title":{"rendered":"Stagiu de preg\u0103tire pentru \u00eenceperea anului \u0219colar"},"content":{"rendered":"<p>\t\t\t\t<!-- avec ou sans CTA : m\u00eame code, \u00e7a centre verticalement le texte --><\/p>\n<div class=\"smallheader\" id=\"bloc_small_header_5\">\n<style type=\"text\/css\">\n\t\t\t\t\t\t\t#bloc_small_header_5 {background-image: url(https:\/\/www.efibucarest.org\/wp-content\/uploads\/2024\/11\/458503826_1051760593619802_1877247225517705526_n-610x270.jpg);}\n\t\t\t\t\t\t\t@media (min-width: 480px) {\t#bloc_small_header_5 {background-image: url(https:\/\/www.efibucarest.org\/wp-content\/uploads\/2024\/11\/458503826_1051760593619802_1877247225517705526_n-610x270.jpg);}}\n\t\t\t\t\t\t\t@media (min-width: 768px) {\t#bloc_small_header_5 {background-image: url(https:\/\/www.efibucarest.org\/wp-content\/uploads\/2024\/11\/458503826_1051760593619802_1877247225517705526_n-1024x704.jpg);}}\n\t\t\t\t\t\t\t@media (min-width: 992px) { #bloc_small_header_5 {background-image: url(https:\/\/www.efibucarest.org\/wp-content\/uploads\/2024\/11\/458503826_1051760593619802_1877247225517705526_n-1024x704.jpg);}}\n\t\t\t\t\t\t\t@media (min-width: 1200px) { #bloc_small_header_5 {background-image: url(https:\/\/www.efibucarest.org\/wp-content\/uploads\/2024\/11\/458503826_1051760593619802_1877247225517705526_n-1536x1056.jpg);}}\n\t\t\t\t\t\t<\/style>\n<div class=\"container d-flex flex-column justify-content-center align-items-start\">\n<h1><span>Stagiu de preg\u0103tire pentru \u00eenceperea anului \u0219colar<\/span><\/h1>\n<p>EFI Bucarest ofer\u0103 un stagiu de preg\u0103tire pentru \u00eenceperea anului \u0219colar elevilor s\u0103i<\/p>\n<\/p><\/div>\n<\/p><\/div>\n<div class=\"blocmedia blocmedia--textright blocmedia--color1\" id=\"bloc_2_6\">\n<div class=\"container\">\n<div class=\"row\">\n<div class=\"col-12 col-md-6\">\n<div class=\"slider\">\n<div id=\"slider-bloc_2_6\" class=\"flexslider flexslider--blocmedia loading\">\n<ul class=\"slides list-unstyled\">\n<li class=\"slider-li\">\n\t\t\t\t\t\t\t\t\t\t     \t<a data-fancybox=\"rel-slider-bloc_2_6\" data-caption=\"\" href=\"https:\/\/www.efibucarest.org\/wp-content\/uploads\/2024\/11\/457301244_1044711400991388_4459023893296053926_n-722x564.jpg\"><br \/>\n\t\t\t\t\t\t\t\t\t\t\t\t\t<img decoding=\"async\" class=\"img-fluid\" src=\"https:\/\/www.efibucarest.org\/wp-content\/uploads\/2024\/11\/457301244_1044711400991388_4459023893296053926_n-722x564.jpg\" width=\"\" height=\"\" alt=\"\"><br \/>\n\t\t\t\t\t\t\t\t\t\t\t\t<\/a>\n\t\t\t\t\t\t\t\t\t\t     <\/li>\n<\/ul><\/div>\n<\/p><\/div>\n<\/p><\/div>\n<div class=\"col-12 col-md-5 d-flex flex-column justify-content-center align-items-start mb-2 mb-md-0\">\n<div class=\"text\">\n<h2><span>Consolidarea abilit\u0103\u021bilor<\/span><\/h2>\n<p>Special conceput pentru a ajuta copiii s\u0103 se preg\u0103teasc\u0103 eficient pentru reluarea cursurilor, aceste stagii ofer\u0103 oportunitatea de a consolida abilit\u0103\u021bi esen\u021biale \u00een materii fundamentale, cum ar fi matematica sau limba francez\u0103.<\/p>\n<p>\t\t\t\t\t\t<!-- Changer la classe de couleur du bouton en fonction de la couleur g\u00e9n\u00e9rale du bloc --><\/p>\n<div class=\"bloc_cta\" ><\/div>\n<\/p><\/div>\n<\/p><\/div>\n<\/p><\/div>\n<\/p><\/div>\n<\/div>\n<div class=\"blocmedia blocmedia--textleft blocmedia--color2\" id=\"bloc_2_7\">\n<div class=\"container\">\n<div class=\"row\">\n<div class=\"col-12 col-md-6\">\n<div class=\"slider\">\n<div id=\"slider-bloc_2_7\" class=\"flexslider flexslider--blocmedia loading\">\n<ul class=\"slides list-unstyled\">\n<li class=\"slider-li\">\n\t\t\t\t\t\t\t\t\t\t     \t<a data-fancybox=\"rel-slider-bloc_2_7\" data-caption=\"\" href=\"https:\/\/www.efibucarest.org\/wp-content\/uploads\/2024\/11\/458388331_1051760676953127_6454761953680747192_n-722x564.jpg\"><br \/>\n\t\t\t\t\t\t\t\t\t\t\t\t\t<img decoding=\"async\" class=\"img-fluid\" src=\"https:\/\/www.efibucarest.org\/wp-content\/uploads\/2024\/11\/458388331_1051760676953127_6454761953680747192_n-722x564.jpg\" width=\"\" height=\"\" alt=\"\"><br \/>\n\t\t\t\t\t\t\t\t\t\t\t\t<\/a>\n\t\t\t\t\t\t\t\t\t\t     <\/li>\n<\/ul><\/div>\n<\/p><\/div>\n<\/p><\/div>\n<div class=\"col-12 col-md-5 d-flex flex-column justify-content-center align-items-start mb-2 mb-md-0\">\n<div class=\"text\">\n<h2><span>Activit\u0103\u021bi ludice \u0219i educa\u021bionale<\/span><\/h2>\n<p>Ghida\u021bi de \u00eenv\u0103\u021b\u0103torii no\u0219tri, copiii revizuiesc concepte importante \u00een ritmul lor, \u00een timp ce se familiarizeaz\u0103 cu a\u0219tept\u0103rile anului urm\u0103tor. Activit\u0103\u021bi ludice \u0219i educa\u021bionale sunt, de asemenea, oferite pentru a stimula curiozitatea \u0219i motiva\u021bia elevilor.<\/p>\n<p>\t\t\t\t\t\t<!-- Changer la classe de couleur du bouton en fonction de la couleur g\u00e9n\u00e9rale du bloc --><\/p>\n<div class=\"bloc_cta\" ><\/div>\n<\/p><\/div>\n<\/p><\/div>\n<\/p><\/div>\n<\/p><\/div>\n<\/div>\n<div class=\"blocinfo blocinfo--color4\" id=\"bloc_10_8\">\n<div class=\"container\">\n<div class=\"row\">\n<div class=\"col-12 col-md-6\">\n<h2><span>\u00cencepe-\u021bi viitorul chiar de ast\u0103zi!<\/span><\/h2>\n<p>\u00censcrierile pentru anul \u0219colar 2026-2027 sunt deschise.<\/p>\n<p>\t\t\t\t<!-- Changer la classe de couleur du bouton en fonction de la couleur g\u00e9n\u00e9rale du bloc --><\/p>\n<div class=\"bloc_cta\" >\n\t<a href=\"https:\/\/efibucarest.eduka.school\/\" title=\"\u00censcrie\u021bi-v\u0103\" target=\"\" class=\"mr-3 btn btn--color4\">\u00censcrie\u021bi-v\u0103<\/a> \t\t\t\t<\/div>\n<\/p><\/div>\n<\/p><\/div>\n<\/p><\/div>\n<\/div>\n","protected":false},"excerpt":{"rendered":"<p>Stagiu de preg\u0103tire pentru \u00eenceperea anului \u0219colar EFI Bucarest ofer\u0103 un stagiu de preg\u0103tire pentru \u00eenceperea anului \u0219colar elevilor s\u0103i [&hellip;]<\/p>\n","protected":false},"author":18,"featured_media":0,"parent":14472,"menu_order":30,"comment_status":"closed","ping_status":"closed","template":"","meta":{"_acf_changed":false,"kdcopypost-origin-url":"","kdcopypost-origin-id":"","footnotes":""},"class_list":["post-14223","page","type-page","status-publish","hentry"],"acf":[],"yoast_head":"<!-- This site is optimized with the Yoast SEO plugin v26.9 - https:\/\/yoast.com\/product\/yoast-seo-wordpress\/ -->\n<title>Stagiu de preg\u0103tire pentru \u00eenceperea anului \u0219colar - EFI BUCURE\u0218TI<\/title>\n<meta name=\"robots\" content=\"index, follow, max-snippet:-1, max-image-preview:large, max-video-preview:-1\" \/>\n<link rel=\"canonical\" href=\"https:\/\/www.efibucarest.org\/ro\/activites\/stagiu-de-pregatire-pentru-inceperea-anului-scolar\/\" \/>\n<meta property=\"og:locale\" content=\"ro_RO\" \/>\n<meta property=\"og:type\" content=\"article\" \/>\n<meta property=\"og:title\" content=\"Stagiu de preg\u0103tire pentru \u00eenceperea anului \u0219colar - EFI BUCURE\u0218TI\" \/>\n<meta property=\"og:description\" content=\"Stagiu de preg\u0103tire pentru \u00eenceperea anului \u0219colar EFI Bucarest ofer\u0103 un stagiu de preg\u0103tire pentru \u00eenceperea anului \u0219colar elevilor s\u0103i [&hellip;]\" \/>\n<meta property=\"og:url\" content=\"https:\/\/www.efibucarest.org\/ro\/activites\/stagiu-de-pregatire-pentru-inceperea-anului-scolar\/\" \/>\n<meta property=\"og:site_name\" content=\"EFI BUCURE\u0218TI\" \/>\n<meta property=\"article:modified_time\" content=\"2026-02-03T12:25:18+00:00\" \/>\n<meta property=\"og:image\" content=\"https:\/\/www.efibucarest.org\/wp-content\/uploads\/2024\/11\/457301244_1044711400991388_4459023893296053926_n-722x564.jpg\" \/>\n<meta name=\"twitter:card\" content=\"summary_large_image\" \/>\n<meta name=\"twitter:label1\" content=\"Timp estimat pentru citire\" \/>\n\t<meta name=\"twitter:data1\" content=\"3 minute\" \/>\n<script type=\"application\/ld+json\" class=\"yoast-schema-graph\">{\"@context\":\"https:\/\/schema.org\",\"@graph\":[{\"@type\":\"WebPage\",\"@id\":\"https:\/\/www.efibucarest.org\/ro\/activites\/stagiu-de-pregatire-pentru-inceperea-anului-scolar\/\",\"url\":\"https:\/\/www.efibucarest.org\/ro\/activites\/stagiu-de-pregatire-pentru-inceperea-anului-scolar\/\",\"name\":\"Stagiu de preg\u0103tire pentru \u00eenceperea anului \u0219colar - EFI BUCURE\u0218TI\",\"isPartOf\":{\"@id\":\"https:\/\/www.efibucarest.org\/ro\/#website\"},\"primaryImageOfPage\":{\"@id\":\"https:\/\/www.efibucarest.org\/ro\/activites\/stagiu-de-pregatire-pentru-inceperea-anului-scolar\/#primaryimage\"},\"image\":{\"@id\":\"https:\/\/www.efibucarest.org\/ro\/activites\/stagiu-de-pregatire-pentru-inceperea-anului-scolar\/#primaryimage\"},\"thumbnailUrl\":\"https:\/\/www.efibucarest.org\/wp-content\/uploads\/2024\/11\/457301244_1044711400991388_4459023893296053926_n-722x564.jpg\",\"datePublished\":\"2024-12-16T09:13:27+00:00\",\"dateModified\":\"2026-02-03T12:25:18+00:00\",\"breadcrumb\":{\"@id\":\"https:\/\/www.efibucarest.org\/ro\/activites\/stagiu-de-pregatire-pentru-inceperea-anului-scolar\/#breadcrumb\"},\"inLanguage\":\"ro-RO\",\"potentialAction\":[{\"@type\":\"ReadAction\",\"target\":[\"https:\/\/www.efibucarest.org\/ro\/activites\/stagiu-de-pregatire-pentru-inceperea-anului-scolar\/\"]}]},{\"@type\":\"ImageObject\",\"inLanguage\":\"ro-RO\",\"@id\":\"https:\/\/www.efibucarest.org\/ro\/activites\/stagiu-de-pregatire-pentru-inceperea-anului-scolar\/#primaryimage\",\"url\":\"https:\/\/www.efibucarest.org\/wp-content\/uploads\/2024\/11\/457301244_1044711400991388_4459023893296053926_n-722x564.jpg\",\"contentUrl\":\"https:\/\/www.efibucarest.org\/wp-content\/uploads\/2024\/11\/457301244_1044711400991388_4459023893296053926_n-722x564.jpg\"},{\"@type\":\"BreadcrumbList\",\"@id\":\"https:\/\/www.efibucarest.org\/ro\/activites\/stagiu-de-pregatire-pentru-inceperea-anului-scolar\/#breadcrumb\",\"itemListElement\":[{\"@type\":\"ListItem\",\"position\":1,\"name\":\"Accueil\",\"item\":\"https:\/\/www.efibucarest.org\/ro\/\"},{\"@type\":\"ListItem\",\"position\":2,\"name\":\"Activit\u0103\u021bi\",\"item\":\"https:\/\/www.efibucarest.org\/ro\/activites\/\"},{\"@type\":\"ListItem\",\"position\":3,\"name\":\"Stagiu de preg\u0103tire pentru \u00eenceperea anului \u0219colar\"}]},{\"@type\":\"WebSite\",\"@id\":\"https:\/\/www.efibucarest.org\/ro\/#website\",\"url\":\"https:\/\/www.efibucarest.org\/ro\/\",\"name\":\"EFI BUCURE\u0218TI\",\"description\":\"EFI BUCURE\u0218TI\",\"potentialAction\":[{\"@type\":\"SearchAction\",\"target\":{\"@type\":\"EntryPoint\",\"urlTemplate\":\"https:\/\/www.efibucarest.org\/ro\/?s={search_term_string}\"},\"query-input\":{\"@type\":\"PropertyValueSpecification\",\"valueRequired\":true,\"valueName\":\"search_term_string\"}}],\"inLanguage\":\"ro-RO\"}]}<\/script>\n<!-- \/ Yoast SEO plugin. -->","yoast_head_json":{"title":"Stagiu de preg\u0103tire pentru \u00eenceperea anului \u0219colar - EFI BUCURE\u0218TI","robots":{"index":"index","follow":"follow","max-snippet":"max-snippet:-1","max-image-preview":"max-image-preview:large","max-video-preview":"max-video-preview:-1"},"canonical":"https:\/\/www.efibucarest.org\/ro\/activites\/stagiu-de-pregatire-pentru-inceperea-anului-scolar\/","og_locale":"ro_RO","og_type":"article","og_title":"Stagiu de preg\u0103tire pentru \u00eenceperea anului \u0219colar - EFI BUCURE\u0218TI","og_description":"Stagiu de preg\u0103tire pentru \u00eenceperea anului \u0219colar EFI Bucarest ofer\u0103 un stagiu de preg\u0103tire pentru \u00eenceperea anului \u0219colar elevilor s\u0103i [&hellip;]","og_url":"https:\/\/www.efibucarest.org\/ro\/activites\/stagiu-de-pregatire-pentru-inceperea-anului-scolar\/","og_site_name":"EFI BUCURE\u0218TI","article_modified_time":"2026-02-03T12:25:18+00:00","og_image":[{"url":"https:\/\/www.efibucarest.org\/wp-content\/uploads\/2024\/11\/457301244_1044711400991388_4459023893296053926_n-722x564.jpg","type":"","width":"","height":""}],"twitter_card":"summary_large_image","twitter_misc":{"Timp estimat pentru citire":"3 minute"},"schema":{"@context":"https:\/\/schema.org","@graph":[{"@type":"WebPage","@id":"https:\/\/www.efibucarest.org\/ro\/activites\/stagiu-de-pregatire-pentru-inceperea-anului-scolar\/","url":"https:\/\/www.efibucarest.org\/ro\/activites\/stagiu-de-pregatire-pentru-inceperea-anului-scolar\/","name":"Stagiu de preg\u0103tire pentru \u00eenceperea anului \u0219colar - EFI BUCURE\u0218TI","isPartOf":{"@id":"https:\/\/www.efibucarest.org\/ro\/#website"},"primaryImageOfPage":{"@id":"https:\/\/www.efibucarest.org\/ro\/activites\/stagiu-de-pregatire-pentru-inceperea-anului-scolar\/#primaryimage"},"image":{"@id":"https:\/\/www.efibucarest.org\/ro\/activites\/stagiu-de-pregatire-pentru-inceperea-anului-scolar\/#primaryimage"},"thumbnailUrl":"https:\/\/www.efibucarest.org\/wp-content\/uploads\/2024\/11\/457301244_1044711400991388_4459023893296053926_n-722x564.jpg","datePublished":"2024-12-16T09:13:27+00:00","dateModified":"2026-02-03T12:25:18+00:00","breadcrumb":{"@id":"https:\/\/www.efibucarest.org\/ro\/activites\/stagiu-de-pregatire-pentru-inceperea-anului-scolar\/#breadcrumb"},"inLanguage":"ro-RO","potentialAction":[{"@type":"ReadAction","target":["https:\/\/www.efibucarest.org\/ro\/activites\/stagiu-de-pregatire-pentru-inceperea-anului-scolar\/"]}]},{"@type":"ImageObject","inLanguage":"ro-RO","@id":"https:\/\/www.efibucarest.org\/ro\/activites\/stagiu-de-pregatire-pentru-inceperea-anului-scolar\/#primaryimage","url":"https:\/\/www.efibucarest.org\/wp-content\/uploads\/2024\/11\/457301244_1044711400991388_4459023893296053926_n-722x564.jpg","contentUrl":"https:\/\/www.efibucarest.org\/wp-content\/uploads\/2024\/11\/457301244_1044711400991388_4459023893296053926_n-722x564.jpg"},{"@type":"BreadcrumbList","@id":"https:\/\/www.efibucarest.org\/ro\/activites\/stagiu-de-pregatire-pentru-inceperea-anului-scolar\/#breadcrumb","itemListElement":[{"@type":"ListItem","position":1,"name":"Accueil","item":"https:\/\/www.efibucarest.org\/ro\/"},{"@type":"ListItem","position":2,"name":"Activit\u0103\u021bi","item":"https:\/\/www.efibucarest.org\/ro\/activites\/"},{"@type":"ListItem","position":3,"name":"Stagiu de preg\u0103tire pentru \u00eenceperea anului \u0219colar"}]},{"@type":"WebSite","@id":"https:\/\/www.efibucarest.org\/ro\/#website","url":"https:\/\/www.efibucarest.org\/ro\/","name":"EFI BUCURE\u0218TI","description":"EFI BUCURE\u0218TI","potentialAction":[{"@type":"SearchAction","target":{"@type":"EntryPoint","urlTemplate":"https:\/\/www.efibucarest.org\/ro\/?s={search_term_string}"},"query-input":{"@type":"PropertyValueSpecification","valueRequired":true,"valueName":"search_term_string"}}],"inLanguage":"ro-RO"}]}},"_links":{"self":[{"href":"https:\/\/www.efibucarest.org\/ro\/wp-json\/wp\/v2\/pages\/14223","targetHints":{"allow":["GET"]}}],"collection":[{"href":"https:\/\/www.efibucarest.org\/ro\/wp-json\/wp\/v2\/pages"}],"about":[{"href":"https:\/\/www.efibucarest.org\/ro\/wp-json\/wp\/v2\/types\/page"}],"author":[{"embeddable":true,"href":"https:\/\/www.efibucarest.org\/ro\/wp-json\/wp\/v2\/users\/18"}],"replies":[{"embeddable":true,"href":"https:\/\/www.efibucarest.org\/ro\/wp-json\/wp\/v2\/comments?post=14223"}],"version-history":[{"count":22,"href":"https:\/\/www.efibucarest.org\/ro\/wp-json\/wp\/v2\/pages\/14223\/revisions"}],"predecessor-version":[{"id":17522,"href":"https:\/\/www.efibucarest.org\/ro\/wp-json\/wp\/v2\/pages\/14223\/revisions\/17522"}],"up":[{"embeddable":true,"href":"https:\/\/www.efibucarest.org\/ro\/wp-json\/wp\/v2\/pages\/14472"}],"wp:attachment":[{"href":"https:\/\/www.efibucarest.org\/ro\/wp-json\/wp\/v2\/media?parent=14223"}],"curies":[{"name":"wp","href":"https:\/\/api.w.org\/{rel}","templated":true}]}}