{"id":12725,"date":"2024-07-10T15:19:59","date_gmt":"2024-07-10T13:19:59","guid":{"rendered":"https:\/\/www.efibucarest.org\/?page_id=12725"},"modified":"2025-07-02T15:03:03","modified_gmt":"2025-07-02T13:03:03","slug":"informatii-pentru-inceputul-anului-scolar-2024","status":"publish","type":"page","link":"https:\/\/www.efibucarest.org\/ro\/informatii-practice\/informatii-pentru-inceputul-anului-scolar-2024\/","title":{"rendered":"Informa\u021bii pentru \u00eenceputul anului \u0219colar 2024"},"content":{"rendered":"<div class=\"cardscolors cardscolors--nocolor\" id=\"bloc_1_3\">\n<div class=\"container\">\n<div class=\"row mb-2\">\n<div class=\"col-12 col-lg-5 col-xl-4\">\n<h2><span>Informa\u021bii pentru \u00eenceputul anului \u0219colar 2025<\/span><\/h2>\n<\/p><\/div>\n<div class=\"col-12 col-lg-7 col-xl-8\">\n<p>\u00cen acest articol, ve\u021bi g\u0103si toate informa\u021biile de care ave\u021bi nevoie pentru a v\u0103 preg\u0103ti pentru \u00eenceperea anului \u0219colar 2025 la EFI Bucarest.<\/p>\n<\/p><\/div>\n<\/p><\/div>\n<div class=\"row justify-content-center\">\n<div class=\"col-12 col-sm-6 col-lg-3 mb-2\">\n<div class=\"cardcolor d-flex flex-column\">\n\t\t\t\t\t\t\t<img decoding=\"async\" class=\"img-fluid\" src=\"https:\/\/www.efibucarest.org\/wp-content\/uploads\/2025\/05\/da14bb149e9847bb8d0c20d3b98573e2-1-1-372x300.jpg\" width=\"\" height=\"\" alt=\"\"><\/p>\n<div class=\"text d-flex flex-column justify-content-center align-self-stretch\">\n<div class=\"title d-flex flex-column justify-content-center\">\n<h4>Calendarul \u0219colar 2025-2026<\/h4>\n<\/p><\/div>\n<p>&#8211; Ritmul \u0219colar \u0219i perioadele de vacan\u021b\u0103<br \/>\n&#8211; Vacan\u021be publice<\/p>\n<p>> \u00cenceperea anului \u0219colar pentru elevi luni, 1 septembrie 2025<br \/>\n> Anul \u0219colar se \u00eencheie vineri, 3 iulie 2026<\/p>\n<p>\t\t\t\t<a href=\"https:\/\/www.efibucarest.org\/wp-content\/uploads\/2025\/07\/calendrier-25-26-variante-4-avec-feries.pdf\" target=\"\" class=\"link\">Calendarul 2025-2026<\/a>\n\t\t\t\t\t<\/div>\n<\/p><\/div>\n<\/p><\/div>\n<div class=\"col-12 col-sm-6 col-lg-3 mb-2\">\n<div class=\"cardcolor d-flex flex-column\">\n\t\t\t\t\t\t\t<img decoding=\"async\" class=\"img-fluid\" src=\"https:\/\/www.efibucarest.org\/wp-content\/uploads\/2025\/04\/if-tps-372x300.jpg\" width=\"\" height=\"\" alt=\"\"><\/p>\n<div class=\"text d-flex flex-column justify-content-center align-self-stretch\">\n<div class=\"title d-flex flex-column justify-content-center\">\n<h4>Lectura de var\u0103 2025<\/h4>\n<\/p><\/div>\n<p>Consulta\u021bi recomand\u0103rile echipei didactice pentru lecturi de var\u0103 \u0219i mai stimulante!<\/p>\n<p>\t\t\t\t<a href=\"https:\/\/www.efibucarest.org\/wp-content\/uploads\/2025\/07\/lectures-de-vacances.pdf\" target=\"\" class=\"link\">Lectura de var\u0103 2025<\/a>\n\t\t\t\t\t<\/div>\n<\/p><\/div>\n<\/p><\/div>\n<\/p><\/div>\n<\/p><\/div>\n<\/div>\n<div class=\"blocinfo blocinfo--nocolor\" id=\"bloc_10_4\">\n<div class=\"container\">\n<div class=\"row\">\n<div class=\"col-12 col-md-6\">\n<h2><span>\u00cencepe-\u021bi viitorul ast\u0103zi!<\/span><\/h2>\n<p>Sunt deschise \u00eenscrierile pentru anul \u0219colar 2025-2026<\/p>\n<p>\t\t\t\t<!-- Changer la classe de couleur du bouton en fonction de la couleur g\u00e9n\u00e9rale du bloc --><\/p>\n<div class=\"bloc_cta\" >\n\t<a href=\"https:\/\/efibucarest.eduka.school\/\" title=\"Inregistreaza-te\" target=\"\" class=\"mr-3 btn btn--nocolor\">Inregistreaza-te<\/a> \t\t\t\t<\/div>\n<\/p><\/div>\n<\/p><\/div>\n<\/p><\/div>\n<\/div>\n","protected":false},"excerpt":{"rendered":"<p>Informa\u021bii pentru \u00eenceputul anului \u0219colar 2025 \u00cen acest articol, ve\u021bi g\u0103si toate informa\u021biile de care ave\u021bi nevoie pentru a v\u0103 [&hellip;]<\/p>\n","protected":false},"author":18,"featured_media":0,"parent":10072,"menu_order":0,"comment_status":"closed","ping_status":"closed","template":"","meta":{"_acf_changed":false,"kdcopypost-origin-url":"","kdcopypost-origin-id":"","footnotes":""},"class_list":["post-12725","page","type-page","status-publish","hentry"],"acf":[],"yoast_head":"<!-- This site is optimized with the Yoast SEO plugin v26.9 - https:\/\/yoast.com\/product\/yoast-seo-wordpress\/ -->\n<title>Informa\u021bii pentru \u00eenceputul anului \u0219colar 2024 - EFI BUCURE\u0218TI<\/title>\n<meta name=\"robots\" content=\"index, follow, max-snippet:-1, max-image-preview:large, max-video-preview:-1\" \/>\n<link rel=\"canonical\" href=\"https:\/\/www.efibucarest.org\/ro\/informatii-practice\/informatii-pentru-inceputul-anului-scolar-2024\/\" \/>\n<meta property=\"og:locale\" content=\"ro_RO\" \/>\n<meta property=\"og:type\" content=\"article\" \/>\n<meta property=\"og:title\" content=\"Informa\u021bii pentru \u00eenceputul anului \u0219colar 2024 - EFI BUCURE\u0218TI\" \/>\n<meta property=\"og:description\" content=\"Informa\u021bii pentru \u00eenceputul anului \u0219colar 2025 \u00cen acest articol, ve\u021bi g\u0103si toate informa\u021biile de care ave\u021bi nevoie pentru a v\u0103 [&hellip;]\" \/>\n<meta property=\"og:url\" content=\"https:\/\/www.efibucarest.org\/ro\/informatii-practice\/informatii-pentru-inceputul-anului-scolar-2024\/\" \/>\n<meta property=\"og:site_name\" content=\"EFI BUCURE\u0218TI\" \/>\n<meta property=\"article:modified_time\" content=\"2025-07-02T13:03:03+00:00\" \/>\n<meta property=\"og:image\" content=\"https:\/\/www.efibucarest.org\/wp-content\/uploads\/2025\/05\/da14bb149e9847bb8d0c20d3b98573e2-1-1-372x300.jpg\" \/>\n<meta name=\"twitter:card\" content=\"summary_large_image\" \/>\n<meta name=\"twitter:label1\" content=\"Timp estimat pentru citire\" \/>\n\t<meta name=\"twitter:data1\" content=\"2 minute\" \/>\n<script type=\"application\/ld+json\" class=\"yoast-schema-graph\">{\"@context\":\"https:\/\/schema.org\",\"@graph\":[{\"@type\":\"WebPage\",\"@id\":\"https:\/\/www.efibucarest.org\/ro\/informatii-practice\/informatii-pentru-inceputul-anului-scolar-2024\/\",\"url\":\"https:\/\/www.efibucarest.org\/ro\/informatii-practice\/informatii-pentru-inceputul-anului-scolar-2024\/\",\"name\":\"Informa\u021bii pentru \u00eenceputul anului \u0219colar 2024 - EFI BUCURE\u0218TI\",\"isPartOf\":{\"@id\":\"https:\/\/www.efibucarest.org\/ro\/#website\"},\"primaryImageOfPage\":{\"@id\":\"https:\/\/www.efibucarest.org\/ro\/informatii-practice\/informatii-pentru-inceputul-anului-scolar-2024\/#primaryimage\"},\"image\":{\"@id\":\"https:\/\/www.efibucarest.org\/ro\/informatii-practice\/informatii-pentru-inceputul-anului-scolar-2024\/#primaryimage\"},\"thumbnailUrl\":\"https:\/\/www.efibucarest.org\/wp-content\/uploads\/2025\/05\/da14bb149e9847bb8d0c20d3b98573e2-1-1-372x300.jpg\",\"datePublished\":\"2024-07-10T13:19:59+00:00\",\"dateModified\":\"2025-07-02T13:03:03+00:00\",\"breadcrumb\":{\"@id\":\"https:\/\/www.efibucarest.org\/ro\/informatii-practice\/informatii-pentru-inceputul-anului-scolar-2024\/#breadcrumb\"},\"inLanguage\":\"ro-RO\",\"potentialAction\":[{\"@type\":\"ReadAction\",\"target\":[\"https:\/\/www.efibucarest.org\/ro\/informatii-practice\/informatii-pentru-inceputul-anului-scolar-2024\/\"]}]},{\"@type\":\"ImageObject\",\"inLanguage\":\"ro-RO\",\"@id\":\"https:\/\/www.efibucarest.org\/ro\/informatii-practice\/informatii-pentru-inceputul-anului-scolar-2024\/#primaryimage\",\"url\":\"https:\/\/www.efibucarest.org\/wp-content\/uploads\/2025\/05\/da14bb149e9847bb8d0c20d3b98573e2-1-1-372x300.jpg\",\"contentUrl\":\"https:\/\/www.efibucarest.org\/wp-content\/uploads\/2025\/05\/da14bb149e9847bb8d0c20d3b98573e2-1-1-372x300.jpg\"},{\"@type\":\"BreadcrumbList\",\"@id\":\"https:\/\/www.efibucarest.org\/ro\/informatii-practice\/informatii-pentru-inceputul-anului-scolar-2024\/#breadcrumb\",\"itemListElement\":[{\"@type\":\"ListItem\",\"position\":1,\"name\":\"Accueil\",\"item\":\"https:\/\/www.efibucarest.org\/ro\/\"},{\"@type\":\"ListItem\",\"position\":2,\"name\":\"Informa\u021bii practice\",\"item\":\"https:\/\/www.efibucarest.org\/ro\/informatii-practice\/\"},{\"@type\":\"ListItem\",\"position\":3,\"name\":\"Informa\u021bii pentru \u00eenceputul anului \u0219colar 2024\"}]},{\"@type\":\"WebSite\",\"@id\":\"https:\/\/www.efibucarest.org\/ro\/#website\",\"url\":\"https:\/\/www.efibucarest.org\/ro\/\",\"name\":\"EFI BUCURE\u0218TI\",\"description\":\"EFI BUCURE\u0218TI\",\"potentialAction\":[{\"@type\":\"SearchAction\",\"target\":{\"@type\":\"EntryPoint\",\"urlTemplate\":\"https:\/\/www.efibucarest.org\/ro\/?s={search_term_string}\"},\"query-input\":{\"@type\":\"PropertyValueSpecification\",\"valueRequired\":true,\"valueName\":\"search_term_string\"}}],\"inLanguage\":\"ro-RO\"}]}<\/script>\n<!-- \/ Yoast SEO plugin. -->","yoast_head_json":{"title":"Informa\u021bii pentru \u00eenceputul anului \u0219colar 2024 - EFI BUCURE\u0218TI","robots":{"index":"index","follow":"follow","max-snippet":"max-snippet:-1","max-image-preview":"max-image-preview:large","max-video-preview":"max-video-preview:-1"},"canonical":"https:\/\/www.efibucarest.org\/ro\/informatii-practice\/informatii-pentru-inceputul-anului-scolar-2024\/","og_locale":"ro_RO","og_type":"article","og_title":"Informa\u021bii pentru \u00eenceputul anului \u0219colar 2024 - EFI BUCURE\u0218TI","og_description":"Informa\u021bii pentru \u00eenceputul anului \u0219colar 2025 \u00cen acest articol, ve\u021bi g\u0103si toate informa\u021biile de care ave\u021bi nevoie pentru a v\u0103 [&hellip;]","og_url":"https:\/\/www.efibucarest.org\/ro\/informatii-practice\/informatii-pentru-inceputul-anului-scolar-2024\/","og_site_name":"EFI BUCURE\u0218TI","article_modified_time":"2025-07-02T13:03:03+00:00","og_image":[{"url":"https:\/\/www.efibucarest.org\/wp-content\/uploads\/2025\/05\/da14bb149e9847bb8d0c20d3b98573e2-1-1-372x300.jpg","type":"","width":"","height":""}],"twitter_card":"summary_large_image","twitter_misc":{"Timp estimat pentru citire":"2 minute"},"schema":{"@context":"https:\/\/schema.org","@graph":[{"@type":"WebPage","@id":"https:\/\/www.efibucarest.org\/ro\/informatii-practice\/informatii-pentru-inceputul-anului-scolar-2024\/","url":"https:\/\/www.efibucarest.org\/ro\/informatii-practice\/informatii-pentru-inceputul-anului-scolar-2024\/","name":"Informa\u021bii pentru \u00eenceputul anului \u0219colar 2024 - EFI BUCURE\u0218TI","isPartOf":{"@id":"https:\/\/www.efibucarest.org\/ro\/#website"},"primaryImageOfPage":{"@id":"https:\/\/www.efibucarest.org\/ro\/informatii-practice\/informatii-pentru-inceputul-anului-scolar-2024\/#primaryimage"},"image":{"@id":"https:\/\/www.efibucarest.org\/ro\/informatii-practice\/informatii-pentru-inceputul-anului-scolar-2024\/#primaryimage"},"thumbnailUrl":"https:\/\/www.efibucarest.org\/wp-content\/uploads\/2025\/05\/da14bb149e9847bb8d0c20d3b98573e2-1-1-372x300.jpg","datePublished":"2024-07-10T13:19:59+00:00","dateModified":"2025-07-02T13:03:03+00:00","breadcrumb":{"@id":"https:\/\/www.efibucarest.org\/ro\/informatii-practice\/informatii-pentru-inceputul-anului-scolar-2024\/#breadcrumb"},"inLanguage":"ro-RO","potentialAction":[{"@type":"ReadAction","target":["https:\/\/www.efibucarest.org\/ro\/informatii-practice\/informatii-pentru-inceputul-anului-scolar-2024\/"]}]},{"@type":"ImageObject","inLanguage":"ro-RO","@id":"https:\/\/www.efibucarest.org\/ro\/informatii-practice\/informatii-pentru-inceputul-anului-scolar-2024\/#primaryimage","url":"https:\/\/www.efibucarest.org\/wp-content\/uploads\/2025\/05\/da14bb149e9847bb8d0c20d3b98573e2-1-1-372x300.jpg","contentUrl":"https:\/\/www.efibucarest.org\/wp-content\/uploads\/2025\/05\/da14bb149e9847bb8d0c20d3b98573e2-1-1-372x300.jpg"},{"@type":"BreadcrumbList","@id":"https:\/\/www.efibucarest.org\/ro\/informatii-practice\/informatii-pentru-inceputul-anului-scolar-2024\/#breadcrumb","itemListElement":[{"@type":"ListItem","position":1,"name":"Accueil","item":"https:\/\/www.efibucarest.org\/ro\/"},{"@type":"ListItem","position":2,"name":"Informa\u021bii practice","item":"https:\/\/www.efibucarest.org\/ro\/informatii-practice\/"},{"@type":"ListItem","position":3,"name":"Informa\u021bii pentru \u00eenceputul anului \u0219colar 2024"}]},{"@type":"WebSite","@id":"https:\/\/www.efibucarest.org\/ro\/#website","url":"https:\/\/www.efibucarest.org\/ro\/","name":"EFI BUCURE\u0218TI","description":"EFI BUCURE\u0218TI","potentialAction":[{"@type":"SearchAction","target":{"@type":"EntryPoint","urlTemplate":"https:\/\/www.efibucarest.org\/ro\/?s={search_term_string}"},"query-input":{"@type":"PropertyValueSpecification","valueRequired":true,"valueName":"search_term_string"}}],"inLanguage":"ro-RO"}]}},"_links":{"self":[{"href":"https:\/\/www.efibucarest.org\/ro\/wp-json\/wp\/v2\/pages\/12725","targetHints":{"allow":["GET"]}}],"collection":[{"href":"https:\/\/www.efibucarest.org\/ro\/wp-json\/wp\/v2\/pages"}],"about":[{"href":"https:\/\/www.efibucarest.org\/ro\/wp-json\/wp\/v2\/types\/page"}],"author":[{"embeddable":true,"href":"https:\/\/www.efibucarest.org\/ro\/wp-json\/wp\/v2\/users\/18"}],"replies":[{"embeddable":true,"href":"https:\/\/www.efibucarest.org\/ro\/wp-json\/wp\/v2\/comments?post=12725"}],"version-history":[{"count":27,"href":"https:\/\/www.efibucarest.org\/ro\/wp-json\/wp\/v2\/pages\/12725\/revisions"}],"predecessor-version":[{"id":15826,"href":"https:\/\/www.efibucarest.org\/ro\/wp-json\/wp\/v2\/pages\/12725\/revisions\/15826"}],"up":[{"embeddable":true,"href":"https:\/\/www.efibucarest.org\/ro\/wp-json\/wp\/v2\/pages\/10072"}],"wp:attachment":[{"href":"https:\/\/www.efibucarest.org\/ro\/wp-json\/wp\/v2\/media?parent=12725"}],"curies":[{"name":"wp","href":"https:\/\/api.w.org\/{rel}","templated":true}]}}