{"id":13870,"date":"2024-12-06T10:53:30","date_gmt":"2024-12-06T09:53:30","guid":{"rendered":"https:\/\/www.efibucarest.org\/?page_id=13870"},"modified":"2026-02-03T10:46:46","modified_gmt":"2026-02-03T09:46:46","slug":"restauration","status":"publish","type":"page","link":"https:\/\/www.efibucarest.org\/en\/practical-information\/restauration\/","title":{"rendered":"Catering"},"content":{"rendered":"<p>\t\t\t\t<!-- avec ou sans CTA : m\u00eame code, \u00e7a centre verticalement le texte --><\/p>\n<div class=\"smallheader\" id=\"bloc_small_header_6\">\n<style type=\"text\/css\">\n\t\t\t\t\t\t\t#bloc_small_header_6 {background-image: url(https:\/\/www.efibucarest.org\/wp-content\/uploads\/2024\/10\/DSC_0197-2-610x270.jpg);}\n\t\t\t\t\t\t\t@media (min-width: 480px) {\t#bloc_small_header_6 {background-image: url(https:\/\/www.efibucarest.org\/wp-content\/uploads\/2024\/10\/DSC_0197-2-610x270.jpg);}}\n\t\t\t\t\t\t\t@media (min-width: 768px) {\t#bloc_small_header_6 {background-image: url(https:\/\/www.efibucarest.org\/wp-content\/uploads\/2024\/10\/DSC_0197-2-1024x683.jpg);}}\n\t\t\t\t\t\t\t@media (min-width: 992px) { #bloc_small_header_6 {background-image: url(https:\/\/www.efibucarest.org\/wp-content\/uploads\/2024\/10\/DSC_0197-2-1024x683.jpg);}}\n\t\t\t\t\t\t\t@media (min-width: 1200px) { #bloc_small_header_6 {background-image: url(https:\/\/www.efibucarest.org\/wp-content\/uploads\/2024\/10\/DSC_0197-2-1536x1024.jpg);}}\n\t\t\t\t\t\t<\/style>\n<div class=\"container d-flex flex-column justify-content-center align-items-start\">\n<h1><span>Catering<\/span><\/h1>\n<p>EFI Bucarest offers a school meal service within the school<\/p>\n<\/p><\/div>\n<\/p><\/div>\n<div class=\"blocmedia blocmedia--textright blocmedia--color1\" id=\"bloc_2_7\">\n<div class=\"container\">\n<div class=\"row\">\n<div class=\"col-12 col-md-6\">\n<div class=\"slider\">\n<div id=\"slider-bloc_2_7\" class=\"flexslider flexslider--blocmedia loading\">\n<ul class=\"slides list-unstyled\">\n<li class=\"slider-li\">\n\t\t\t\t\t\t\t\t\t\t     \t<a data-fancybox=\"rel-slider-bloc_2_7\" data-caption=\"\" href=\"https:\/\/www.efibucarest.org\/wp-content\/uploads\/2024\/11\/DSC_0046-scaled.jpg\"><br \/>\n\t\t\t\t\t\t\t\t\t\t\t\t\t<img decoding=\"async\" class=\"img-fluid\" src=\"https:\/\/www.efibucarest.org\/wp-content\/uploads\/2024\/11\/DSC_0046-scaled.jpg\" width=\"\" height=\"\" alt=\"\"><br \/>\n\t\t\t\t\t\t\t\t\t\t\t\t<\/a>\n\t\t\t\t\t\t\t\t\t\t     <\/li>\n<li class=\"slider-li\">\n\t\t\t\t\t\t\t\t\t\t     \t<a data-fancybox=\"rel-slider-bloc_2_7\" data-caption=\"\" href=\"https:\/\/www.efibucarest.org\/wp-content\/uploads\/2024\/11\/DSC_0145-722x564.jpg\"><br \/>\n\t\t\t\t\t\t\t\t\t\t\t\t\t<img decoding=\"async\" class=\"img-fluid\" src=\"https:\/\/www.efibucarest.org\/wp-content\/uploads\/2024\/11\/DSC_0145-722x564.jpg\" width=\"\" height=\"\" alt=\"\"><br \/>\n\t\t\t\t\t\t\t\t\t\t\t\t<\/a>\n\t\t\t\t\t\t\t\t\t\t     <\/li>\n<li class=\"slider-li\">\n\t\t\t\t\t\t\t\t\t\t     \t<a data-fancybox=\"rel-slider-bloc_2_7\" data-caption=\"\" href=\"https:\/\/www.efibucarest.org\/wp-content\/uploads\/2024\/11\/DSC_0139-722x564.jpg\"><br \/>\n\t\t\t\t\t\t\t\t\t\t\t\t\t<img decoding=\"async\" class=\"img-fluid\" src=\"https:\/\/www.efibucarest.org\/wp-content\/uploads\/2024\/11\/DSC_0139-722x564.jpg\" width=\"\" height=\"\" alt=\"\"><br \/>\n\t\t\t\t\t\t\t\t\t\t\t\t<\/a>\n\t\t\t\t\t\t\t\t\t\t     <\/li>\n<li class=\"slider-li\">\n\t\t\t\t\t\t\t\t\t\t     \t<a data-fancybox=\"rel-slider-bloc_2_7\" data-caption=\"\" href=\"https:\/\/www.efibucarest.org\/wp-content\/uploads\/2024\/11\/DSC_0122-722x564.jpg\"><br \/>\n\t\t\t\t\t\t\t\t\t\t\t\t\t<img decoding=\"async\" class=\"img-fluid\" src=\"https:\/\/www.efibucarest.org\/wp-content\/uploads\/2024\/11\/DSC_0122-722x564.jpg\" width=\"\" height=\"\" alt=\"\"><br \/>\n\t\t\t\t\t\t\t\t\t\t\t\t<\/a>\n\t\t\t\t\t\t\t\t\t\t     <\/li>\n<li class=\"slider-li\">\n\t\t\t\t\t\t\t\t\t\t     \t<a data-fancybox=\"rel-slider-bloc_2_7\" data-caption=\"\" href=\"https:\/\/www.efibucarest.org\/wp-content\/uploads\/2024\/11\/DSC_0143-722x564.jpg\"><br \/>\n\t\t\t\t\t\t\t\t\t\t\t\t\t<img decoding=\"async\" class=\"img-fluid\" src=\"https:\/\/www.efibucarest.org\/wp-content\/uploads\/2024\/11\/DSC_0143-722x564.jpg\" width=\"\" height=\"\" alt=\"\"><br \/>\n\t\t\t\t\t\t\t\t\t\t\t\t<\/a>\n\t\t\t\t\t\t\t\t\t\t     <\/li>\n<\/ul><\/div>\n<\/p><\/div>\n<\/p><\/div>\n<div class=\"col-12 col-md-5 d-flex flex-column justify-content-center align-items-start mb-2 mb-md-0\">\n<div class=\"text\">\n<h2><span>Healthy and Balanced Nutrition<\/span><\/h2>\n<p>The quality of this service is rigorously monitored by our team, both in terms of nutrition and taste. In line with our commitment to the environment, we incorporate sustainable and anti-waste practices.<\/p>\n<p>\t\t\t\t\t\t<!-- Changer la classe de couleur du bouton en fonction de la couleur g\u00e9n\u00e9rale du bloc --><\/p>\n<div class=\"bloc_cta\" ><\/div>\n<\/p><\/div>\n<\/p><\/div>\n<\/p><\/div>\n<\/p><\/div>\n<\/div>\n<div class=\"blocmedia blocmedia--textleft blocmedia--color2\" id=\"bloc_2_8\">\n<div class=\"container\">\n<div class=\"row\">\n<div class=\"col-12 col-md-6\">\n<div class=\"slider\">\n<div id=\"slider-bloc_2_8\" class=\"flexslider flexslider--blocmedia loading\">\n<ul class=\"slides list-unstyled\">\n<li class=\"slider-li\">\n\t\t\t\t\t\t\t\t\t\t     \t<a data-fancybox=\"rel-slider-bloc_2_8\" data-caption=\"\" href=\"https:\/\/www.efibucarest.org\/wp-content\/uploads\/2024\/11\/IMG_1047.jpeg\"><br \/>\n\t\t\t\t\t\t\t\t\t\t\t\t\t<img decoding=\"async\" class=\"img-fluid\" src=\"https:\/\/www.efibucarest.org\/wp-content\/uploads\/2024\/11\/IMG_1047.jpeg\" width=\"\" height=\"\" alt=\"\"><br \/>\n\t\t\t\t\t\t\t\t\t\t\t\t<\/a>\n\t\t\t\t\t\t\t\t\t\t     <\/li>\n<\/ul><\/div>\n<\/p><\/div>\n<\/p><\/div>\n<div class=\"col-12 col-md-5 d-flex flex-column justify-content-center align-items-start mb-2 mb-md-0\">\n<div class=\"text\">\n<h2><span>Menus tailored to meet the nutritional needs of children<\/span><\/h2>\n<p>Nos menus sont adapt\u00e9s aux besoins nutritionnels des enfants. Ils sont compos\u00e9s de produits d\u2019excellente qualit\u00e9 et pr\u00e9sentent une vari\u00e9t\u00e9 afin de satisfaire les exigences des \u00e9l\u00e8ves. Notre objectif est d\u2019\u00e9quilibrer les menus, de r\u00e9duire au maximum les aliments surgel\u00e9s\/industriels en faveur d\u2019aliments naturels, de donner des indications aux \u00e9l\u00e8ves afin de suivre un menu complet de tous les nutriments.<\/p>\n<p>\t\t\t\t\t\t<!-- Changer la classe de couleur du bouton en fonction de la couleur g\u00e9n\u00e9rale du bloc --><\/p>\n<div class=\"bloc_cta\" ><\/div>\n<\/p><\/div>\n<\/p><\/div>\n<\/p><\/div>\n<\/p><\/div>\n<\/div>\n<div class=\"blocmedia blocmedia--textright blocmedia--color3\" id=\"bloc_2_9\">\n<div class=\"container\">\n<div class=\"row\">\n<div class=\"col-12 col-md-6\">\n<div class=\"slider\">\n<div id=\"slider-bloc_2_9\" class=\"flexslider flexslider--blocmedia loading\">\n<ul class=\"slides list-unstyled\">\n<li class=\"slider-li\">\n\t\t\t\t\t\t\t\t\t\t     \t<a data-fancybox=\"rel-slider-bloc_2_9\" data-caption=\"\" href=\"https:\/\/www.efibucarest.org\/wp-content\/uploads\/2024\/11\/unnamed-2-scaled-e1731415807150-722x564.jpg\"><br \/>\n\t\t\t\t\t\t\t\t\t\t\t\t\t<img decoding=\"async\" class=\"img-fluid\" src=\"https:\/\/www.efibucarest.org\/wp-content\/uploads\/2024\/11\/unnamed-2-scaled-e1731415807150-722x564.jpg\" width=\"\" height=\"\" alt=\"\"><br \/>\n\t\t\t\t\t\t\t\t\t\t\t\t<\/a>\n\t\t\t\t\t\t\t\t\t\t     <\/li>\n<\/ul><\/div>\n<\/p><\/div>\n<\/p><\/div>\n<div class=\"col-12 col-md-5 d-flex flex-column justify-content-center align-items-start mb-2 mb-md-0\">\n<div class=\"text\">\n<h2><span>A french chef<\/span><\/h2>\n<p>The catering service is provided by French chef Philippe Dupr\u00e9, owner of the renowned restaurant &#8216;Ici et l\u00e0&#8217;. With over 30 years of experience in the restaurant industry, Mr. Dupr\u00e9 will offer a balanced, diverse menu using local products. He aims to introduce children to new flavors and educate their palates, ensuring a memorable culinary experience.<\/p>\n<p>\t\t\t\t\t\t<!-- Changer la classe de couleur du bouton en fonction de la couleur g\u00e9n\u00e9rale du bloc --><\/p>\n<div class=\"bloc_cta\" ><\/div>\n<\/p><\/div>\n<\/p><\/div>\n<\/p><\/div>\n<\/p><\/div>\n<\/div>\n<div class=\"blocinfo blocinfo--nocolor\" id=\"bloc_10_10\">\n<div class=\"container\">\n<div class=\"row\">\n<div class=\"col-12 col-md-6\">\n<h2><span>Start their future today!<\/span><\/h2>\n<p>Admissions for the 2026-2027 school year are now open.<\/p>\n<p>\t\t\t\t<!-- Changer la classe de couleur du bouton en fonction de la couleur g\u00e9n\u00e9rale du bloc --><\/p>\n<div class=\"bloc_cta\" >\n\t<a href=\"https:\/\/www.efibucarest.org\/en\/admissions-en\/\" title=\"Enroll\" target=\"\" class=\"mr-3 btn btn--nocolor\">Enroll<\/a> \t\t\t\t<\/div>\n<\/p><\/div>\n<\/p><\/div>\n<\/p><\/div>\n<\/div>\n","protected":false},"excerpt":{"rendered":"<p>Catering EFI Bucarest offers a school meal service within the school Healthy and Balanced Nutrition The quality of this service [&hellip;]<\/p>\n","protected":false},"author":18,"featured_media":0,"parent":10071,"menu_order":0,"comment_status":"closed","ping_status":"closed","template":"","meta":{"_acf_changed":false,"kdcopypost-origin-url":"","kdcopypost-origin-id":"","footnotes":""},"class_list":["post-13870","page","type-page","status-publish","hentry"],"acf":[],"yoast_head":"<!-- This site is optimized with the Yoast SEO plugin v26.9 - https:\/\/yoast.com\/product\/yoast-seo-wordpress\/ -->\n<title>Catering - EFI Bucarest<\/title>\n<meta name=\"robots\" content=\"index, follow, max-snippet:-1, max-image-preview:large, max-video-preview:-1\" \/>\n<link rel=\"canonical\" href=\"https:\/\/www.efibucarest.org\/en\/practical-information\/restauration\/\" \/>\n<meta property=\"og:locale\" content=\"en_US\" \/>\n<meta property=\"og:type\" content=\"article\" \/>\n<meta property=\"og:title\" content=\"Catering - EFI Bucarest\" \/>\n<meta property=\"og:description\" content=\"Catering EFI Bucarest offers a school meal service within the school Healthy and Balanced Nutrition The quality of this service [&hellip;]\" \/>\n<meta property=\"og:url\" content=\"https:\/\/www.efibucarest.org\/en\/practical-information\/restauration\/\" \/>\n<meta property=\"og:site_name\" content=\"EFI Bucarest\" \/>\n<meta property=\"article:modified_time\" content=\"2026-02-03T09:46:46+00:00\" \/>\n<meta property=\"og:image\" content=\"https:\/\/www.efibucarest.org\/wp-content\/uploads\/2024\/11\/DSC_0046-scaled.jpg\" \/>\n<meta name=\"twitter:card\" content=\"summary_large_image\" \/>\n<meta name=\"twitter:label1\" content=\"Est. reading time\" \/>\n\t<meta name=\"twitter:data1\" content=\"5 minutes\" \/>\n<script type=\"application\/ld+json\" class=\"yoast-schema-graph\">{\"@context\":\"https:\/\/schema.org\",\"@graph\":[{\"@type\":\"WebPage\",\"@id\":\"https:\/\/www.efibucarest.org\/en\/practical-information\/restauration\/\",\"url\":\"https:\/\/www.efibucarest.org\/en\/practical-information\/restauration\/\",\"name\":\"Catering - EFI Bucarest\",\"isPartOf\":{\"@id\":\"https:\/\/www.efibucarest.org\/en\/#website\"},\"primaryImageOfPage\":{\"@id\":\"https:\/\/www.efibucarest.org\/en\/practical-information\/restauration\/#primaryimage\"},\"image\":{\"@id\":\"https:\/\/www.efibucarest.org\/en\/practical-information\/restauration\/#primaryimage\"},\"thumbnailUrl\":\"https:\/\/www.efibucarest.org\/wp-content\/uploads\/2024\/11\/DSC_0046-scaled.jpg\",\"datePublished\":\"2024-12-06T09:53:30+00:00\",\"dateModified\":\"2026-02-03T09:46:46+00:00\",\"breadcrumb\":{\"@id\":\"https:\/\/www.efibucarest.org\/en\/practical-information\/restauration\/#breadcrumb\"},\"inLanguage\":\"en-US\",\"potentialAction\":[{\"@type\":\"ReadAction\",\"target\":[\"https:\/\/www.efibucarest.org\/en\/practical-information\/restauration\/\"]}]},{\"@type\":\"ImageObject\",\"inLanguage\":\"en-US\",\"@id\":\"https:\/\/www.efibucarest.org\/en\/practical-information\/restauration\/#primaryimage\",\"url\":\"https:\/\/www.efibucarest.org\/wp-content\/uploads\/2024\/11\/DSC_0046-scaled.jpg\",\"contentUrl\":\"https:\/\/www.efibucarest.org\/wp-content\/uploads\/2024\/11\/DSC_0046-scaled.jpg\"},{\"@type\":\"BreadcrumbList\",\"@id\":\"https:\/\/www.efibucarest.org\/en\/practical-information\/restauration\/#breadcrumb\",\"itemListElement\":[{\"@type\":\"ListItem\",\"position\":1,\"name\":\"Accueil\",\"item\":\"https:\/\/www.efibucarest.org\/en\/\"},{\"@type\":\"ListItem\",\"position\":2,\"name\":\"Informations\",\"item\":\"https:\/\/www.efibucarest.org\/en\/practical-information\/\"},{\"@type\":\"ListItem\",\"position\":3,\"name\":\"Catering\"}]},{\"@type\":\"WebSite\",\"@id\":\"https:\/\/www.efibucarest.org\/en\/#website\",\"url\":\"https:\/\/www.efibucarest.org\/en\/\",\"name\":\"EFI Bucarest\",\"description\":\"EFI Bucarest\",\"potentialAction\":[{\"@type\":\"SearchAction\",\"target\":{\"@type\":\"EntryPoint\",\"urlTemplate\":\"https:\/\/www.efibucarest.org\/en\/?s={search_term_string}\"},\"query-input\":{\"@type\":\"PropertyValueSpecification\",\"valueRequired\":true,\"valueName\":\"search_term_string\"}}],\"inLanguage\":\"en-US\"}]}<\/script>\n<!-- \/ Yoast SEO plugin. -->","yoast_head_json":{"title":"Catering - EFI Bucarest","robots":{"index":"index","follow":"follow","max-snippet":"max-snippet:-1","max-image-preview":"max-image-preview:large","max-video-preview":"max-video-preview:-1"},"canonical":"https:\/\/www.efibucarest.org\/en\/practical-information\/restauration\/","og_locale":"en_US","og_type":"article","og_title":"Catering - EFI Bucarest","og_description":"Catering EFI Bucarest offers a school meal service within the school Healthy and Balanced Nutrition The quality of this service [&hellip;]","og_url":"https:\/\/www.efibucarest.org\/en\/practical-information\/restauration\/","og_site_name":"EFI Bucarest","article_modified_time":"2026-02-03T09:46:46+00:00","og_image":[{"url":"https:\/\/www.efibucarest.org\/wp-content\/uploads\/2024\/11\/DSC_0046-scaled.jpg","type":"","width":"","height":""}],"twitter_card":"summary_large_image","twitter_misc":{"Est. reading time":"5 minutes"},"schema":{"@context":"https:\/\/schema.org","@graph":[{"@type":"WebPage","@id":"https:\/\/www.efibucarest.org\/en\/practical-information\/restauration\/","url":"https:\/\/www.efibucarest.org\/en\/practical-information\/restauration\/","name":"Catering - EFI Bucarest","isPartOf":{"@id":"https:\/\/www.efibucarest.org\/en\/#website"},"primaryImageOfPage":{"@id":"https:\/\/www.efibucarest.org\/en\/practical-information\/restauration\/#primaryimage"},"image":{"@id":"https:\/\/www.efibucarest.org\/en\/practical-information\/restauration\/#primaryimage"},"thumbnailUrl":"https:\/\/www.efibucarest.org\/wp-content\/uploads\/2024\/11\/DSC_0046-scaled.jpg","datePublished":"2024-12-06T09:53:30+00:00","dateModified":"2026-02-03T09:46:46+00:00","breadcrumb":{"@id":"https:\/\/www.efibucarest.org\/en\/practical-information\/restauration\/#breadcrumb"},"inLanguage":"en-US","potentialAction":[{"@type":"ReadAction","target":["https:\/\/www.efibucarest.org\/en\/practical-information\/restauration\/"]}]},{"@type":"ImageObject","inLanguage":"en-US","@id":"https:\/\/www.efibucarest.org\/en\/practical-information\/restauration\/#primaryimage","url":"https:\/\/www.efibucarest.org\/wp-content\/uploads\/2024\/11\/DSC_0046-scaled.jpg","contentUrl":"https:\/\/www.efibucarest.org\/wp-content\/uploads\/2024\/11\/DSC_0046-scaled.jpg"},{"@type":"BreadcrumbList","@id":"https:\/\/www.efibucarest.org\/en\/practical-information\/restauration\/#breadcrumb","itemListElement":[{"@type":"ListItem","position":1,"name":"Accueil","item":"https:\/\/www.efibucarest.org\/en\/"},{"@type":"ListItem","position":2,"name":"Informations","item":"https:\/\/www.efibucarest.org\/en\/practical-information\/"},{"@type":"ListItem","position":3,"name":"Catering"}]},{"@type":"WebSite","@id":"https:\/\/www.efibucarest.org\/en\/#website","url":"https:\/\/www.efibucarest.org\/en\/","name":"EFI Bucarest","description":"EFI Bucarest","potentialAction":[{"@type":"SearchAction","target":{"@type":"EntryPoint","urlTemplate":"https:\/\/www.efibucarest.org\/en\/?s={search_term_string}"},"query-input":{"@type":"PropertyValueSpecification","valueRequired":true,"valueName":"search_term_string"}}],"inLanguage":"en-US"}]}},"_links":{"self":[{"href":"https:\/\/www.efibucarest.org\/en\/wp-json\/wp\/v2\/pages\/13870","targetHints":{"allow":["GET"]}}],"collection":[{"href":"https:\/\/www.efibucarest.org\/en\/wp-json\/wp\/v2\/pages"}],"about":[{"href":"https:\/\/www.efibucarest.org\/en\/wp-json\/wp\/v2\/types\/page"}],"author":[{"embeddable":true,"href":"https:\/\/www.efibucarest.org\/en\/wp-json\/wp\/v2\/users\/18"}],"replies":[{"embeddable":true,"href":"https:\/\/www.efibucarest.org\/en\/wp-json\/wp\/v2\/comments?post=13870"}],"version-history":[{"count":17,"href":"https:\/\/www.efibucarest.org\/en\/wp-json\/wp\/v2\/pages\/13870\/revisions"}],"predecessor-version":[{"id":17450,"href":"https:\/\/www.efibucarest.org\/en\/wp-json\/wp\/v2\/pages\/13870\/revisions\/17450"}],"up":[{"embeddable":true,"href":"https:\/\/www.efibucarest.org\/en\/wp-json\/wp\/v2\/pages\/10071"}],"wp:attachment":[{"href":"https:\/\/www.efibucarest.org\/en\/wp-json\/wp\/v2\/media?parent=13870"}],"curies":[{"name":"wp","href":"https:\/\/api.w.org\/{rel}","templated":true}]}}